{"id":6643,"date":"2018-05-03T12:50:10","date_gmt":"2018-05-03T12:50:10","guid":{"rendered":"https:\/\/nhw-solutions.pt\/industrie\/"},"modified":"2025-03-21T16:47:47","modified_gmt":"2025-03-21T16:47:47","slug":"industrie","status":"publish","type":"page","link":"https:\/\/nhw-solutions.pt\/de\/industrie\/","title":{"rendered":"INDUSTRIE"},"content":{"rendered":"\t\t<div data-elementor-type=\"wp-post\" data-elementor-id=\"6643\" class=\"elementor elementor-6643 elementor-41\">\n\t\t\t\t\t\t<section class=\"elementor-section elementor-top-section elementor-element elementor-element-731e15d elementor-section-height-min-height elementor-section-boxed elementor-section-height-default elementor-section-items-middle\" data-id=\"731e15d\" data-element_type=\"section\" data-settings=\"{&quot;background_background&quot;:&quot;classic&quot;,&quot;jet_parallax_layout_list&quot;:[{&quot;jet_parallax_layout_image&quot;:{&quot;url&quot;:&quot;&quot;,&quot;id&quot;:&quot;&quot;,&quot;size&quot;:&quot;&quot;},&quot;_id&quot;:&quot;ea864a4&quot;,&quot;jet_parallax_layout_speed&quot;:{&quot;unit&quot;:&quot;%&quot;,&quot;size&quot;:50,&quot;sizes&quot;:[]},&quot;jet_parallax_layout_image_tablet&quot;:{&quot;url&quot;:&quot;&quot;,&quot;id&quot;:&quot;&quot;,&quot;size&quot;:&quot;&quot;},&quot;jet_parallax_layout_image_mobile&quot;:{&quot;url&quot;:&quot;&quot;,&quot;id&quot;:&quot;&quot;,&quot;size&quot;:&quot;&quot;},&quot;jet_parallax_layout_type&quot;:&quot;scroll&quot;,&quot;jet_parallax_layout_direction&quot;:&quot;1&quot;,&quot;jet_parallax_layout_fx_direction&quot;:null,&quot;jet_parallax_layout_z_index&quot;:&quot;&quot;,&quot;jet_parallax_layout_bg_x&quot;:50,&quot;jet_parallax_layout_bg_x_tablet&quot;:&quot;&quot;,&quot;jet_parallax_layout_bg_x_mobile&quot;:&quot;&quot;,&quot;jet_parallax_layout_bg_y&quot;:50,&quot;jet_parallax_layout_bg_y_tablet&quot;:&quot;&quot;,&quot;jet_parallax_layout_bg_y_mobile&quot;:&quot;&quot;,&quot;jet_parallax_layout_bg_size&quot;:&quot;auto&quot;,&quot;jet_parallax_layout_bg_size_tablet&quot;:&quot;&quot;,&quot;jet_parallax_layout_bg_size_mobile&quot;:&quot;&quot;,&quot;jet_parallax_layout_animation_prop&quot;:&quot;transform&quot;,&quot;jet_parallax_layout_on&quot;:[&quot;desktop&quot;,&quot;tablet&quot;]}]}\">\n\t\t\t\t\t\t<div class=\"elementor-container elementor-column-gap-default\">\n\t\t\t\t\t<div class=\"elementor-column elementor-col-100 elementor-top-column elementor-element elementor-element-56ac352\" data-id=\"56ac352\" data-element_type=\"column\">\n\t\t\t<div class=\"elementor-widget-wrap elementor-element-populated\">\n\t\t\t\t\t\t<div class=\"elementor-element elementor-element-d6f4ac0 elementor-widget elementor-widget-heading\" data-id=\"d6f4ac0\" data-element_type=\"widget\" data-widget_type=\"heading.default\">\n\t\t\t\t<div class=\"elementor-widget-container\">\n\t\t\t\t\t<h1 class=\"elementor-heading-title elementor-size-default\">Industrie<\/h1>\t\t\t\t<\/div>\n\t\t\t\t<\/div>\n\t\t\t\t\t<\/div>\n\t\t<\/div>\n\t\t\t\t\t<\/div>\n\t\t<\/section>\n\t\t\t\t<section class=\"elementor-section elementor-top-section elementor-element elementor-element-33a2 elementor-section-boxed elementor-section-height-default elementor-section-height-default\" data-id=\"33a2\" data-element_type=\"section\" data-settings=\"{&quot;jet_parallax_layout_list&quot;:[{&quot;_id&quot;:&quot;fa8d91c&quot;,&quot;jet_parallax_layout_speed&quot;:{&quot;unit&quot;:&quot;%&quot;,&quot;size&quot;:50,&quot;sizes&quot;:[]},&quot;jet_parallax_layout_image&quot;:{&quot;url&quot;:&quot;&quot;,&quot;id&quot;:&quot;&quot;,&quot;size&quot;:&quot;&quot;},&quot;jet_parallax_layout_image_tablet&quot;:{&quot;url&quot;:&quot;&quot;,&quot;id&quot;:&quot;&quot;,&quot;size&quot;:&quot;&quot;},&quot;jet_parallax_layout_image_mobile&quot;:{&quot;url&quot;:&quot;&quot;,&quot;id&quot;:&quot;&quot;,&quot;size&quot;:&quot;&quot;},&quot;jet_parallax_layout_type&quot;:&quot;scroll&quot;,&quot;jet_parallax_layout_direction&quot;:&quot;1&quot;,&quot;jet_parallax_layout_fx_direction&quot;:null,&quot;jet_parallax_layout_z_index&quot;:&quot;&quot;,&quot;jet_parallax_layout_bg_x&quot;:50,&quot;jet_parallax_layout_bg_x_tablet&quot;:&quot;&quot;,&quot;jet_parallax_layout_bg_x_mobile&quot;:&quot;&quot;,&quot;jet_parallax_layout_bg_y&quot;:50,&quot;jet_parallax_layout_bg_y_tablet&quot;:&quot;&quot;,&quot;jet_parallax_layout_bg_y_mobile&quot;:&quot;&quot;,&quot;jet_parallax_layout_bg_size&quot;:&quot;auto&quot;,&quot;jet_parallax_layout_bg_size_tablet&quot;:&quot;&quot;,&quot;jet_parallax_layout_bg_size_mobile&quot;:&quot;&quot;,&quot;jet_parallax_layout_animation_prop&quot;:&quot;transform&quot;,&quot;jet_parallax_layout_on&quot;:[&quot;desktop&quot;,&quot;tablet&quot;]}]}\">\n\t\t\t\t\t\t<div class=\"elementor-container elementor-column-gap-extended\">\n\t\t\t\t\t<div class=\"elementor-column elementor-col-50 elementor-top-column elementor-element elementor-element-6997\" data-id=\"6997\" data-element_type=\"column\">\n\t\t\t<div class=\"elementor-widget-wrap elementor-element-populated\">\n\t\t\t\t\t\t<div class=\"elementor-element elementor-element-454a elementor-widget elementor-widget-heading\" data-id=\"454a\" data-element_type=\"widget\" data-widget_type=\"heading.default\">\n\t\t\t\t<div class=\"elementor-widget-container\">\n\t\t\t\t\t<h2 class=\"elementor-heading-title elementor-size-default\">T\u00e4tigkeitsbereiche<\/h2>\t\t\t\t<\/div>\n\t\t\t\t<\/div>\n\t\t\t\t<div class=\"elementor-element elementor-element-cfe393a elementor-widget elementor-widget-text-editor\" data-id=\"cfe393a\" data-element_type=\"widget\" data-widget_type=\"text-editor.default\">\n\t\t\t\t<div class=\"elementor-widget-container\">\n\t\t\t\t\t\t\t\t\t<strong>NHW-Solutions, Lda<\/strong> ist ein Unternehmen, das eine wichtige Rolle im industriellen Sektor spielt, das hei\u00dft, mit einer starken Pr\u00e4senz in der verarbeitenden Industrie. Wir bieten qualitativ hochwertige <a href=\"https:\/\/nhw-solutions.pt\/de\/automationsservices\/\" target=\"_blank\" rel=\"noopener\">Dienstleistungen <\/a>zur Automatisierung und Optimierung von Prozessen in den folgenden Branchen: \t\t\t\t\t\t\t\t<\/div>\n\t\t\t\t<\/div>\n\t\t\t\t<div class=\"elementor-element elementor-element-2c7b859 elementor-icon-list--layout-traditional elementor-list-item-link-full_width elementor-widget elementor-widget-icon-list\" data-id=\"2c7b859\" data-element_type=\"widget\" data-widget_type=\"icon-list.default\">\n\t\t\t\t<div class=\"elementor-widget-container\">\n\t\t\t\t\t\t\t<ul class=\"elementor-icon-list-items\">\n\t\t\t\t\t\t\t<li class=\"elementor-icon-list-item\">\n\t\t\t\t\t\t\t\t\t\t\t<span class=\"elementor-icon-list-icon\">\n\t\t\t\t\t\t\t<svg xmlns=\"http:\/\/www.w3.org\/2000\/svg\" xmlns:xlink=\"http:\/\/www.w3.org\/1999\/xlink\" width=\"100\" viewBox=\"0 0 75 74.999997\" height=\"100\" preserveAspectRatio=\"xMidYMid meet\"><defs><clipPath id=\"57ed76ba73\"><path d=\"M 11.511719 7.5 L 63.261719 7.5 L 63.261719 67.5 L 11.511719 67.5 Z M 11.511719 7.5 \" clip-rule=\"nonzero\"><\/path><\/clipPath><\/defs><rect x=\"-7.5\" width=\"90\" fill=\"#ffffff\" y=\"-7.5\" height=\"89.999996\" fill-opacity=\"1\"><\/rect><rect x=\"-7.5\" width=\"90\" fill=\"#ffffff\" y=\"-7.5\" height=\"89.999996\" fill-opacity=\"1\"><\/rect><g clip-path=\"url(#57ed76ba73)\"><path fill=\"#008ad8\" d=\"M 63.484375 37.503906 L 11.515625 67.507812 L 11.515625 52.507812 L 37.5 37.503906 L 11.515625 22.503906 L 11.515625 7.5 Z M 63.484375 37.503906 \" fill-opacity=\"1\" fill-rule=\"nonzero\"><\/path><\/g><\/svg>\t\t\t\t\t\t<\/span>\n\t\t\t\t\t\t\t\t\t\t<span class=\"elementor-icon-list-text\">F\u00fctterung<\/span>\n\t\t\t\t\t\t\t\t\t<\/li>\n\t\t\t\t\t\t\t\t<li class=\"elementor-icon-list-item\">\n\t\t\t\t\t\t\t\t\t\t\t<span class=\"elementor-icon-list-icon\">\n\t\t\t\t\t\t\t<svg xmlns=\"http:\/\/www.w3.org\/2000\/svg\" xmlns:xlink=\"http:\/\/www.w3.org\/1999\/xlink\" width=\"100\" viewBox=\"0 0 75 74.999997\" height=\"100\" preserveAspectRatio=\"xMidYMid meet\"><defs><clipPath id=\"57ed76ba73\"><path d=\"M 11.511719 7.5 L 63.261719 7.5 L 63.261719 67.5 L 11.511719 67.5 Z M 11.511719 7.5 \" clip-rule=\"nonzero\"><\/path><\/clipPath><\/defs><rect x=\"-7.5\" width=\"90\" fill=\"#ffffff\" y=\"-7.5\" height=\"89.999996\" fill-opacity=\"1\"><\/rect><rect x=\"-7.5\" width=\"90\" fill=\"#ffffff\" y=\"-7.5\" height=\"89.999996\" fill-opacity=\"1\"><\/rect><g clip-path=\"url(#57ed76ba73)\"><path fill=\"#008ad8\" d=\"M 63.484375 37.503906 L 11.515625 67.507812 L 11.515625 52.507812 L 37.5 37.503906 L 11.515625 22.503906 L 11.515625 7.5 Z M 63.484375 37.503906 \" fill-opacity=\"1\" fill-rule=\"nonzero\"><\/path><\/g><\/svg>\t\t\t\t\t\t<\/span>\n\t\t\t\t\t\t\t\t\t\t<span class=\"elementor-icon-list-text\">Keramik<\/span>\n\t\t\t\t\t\t\t\t\t<\/li>\n\t\t\t\t\t\t\t\t<li class=\"elementor-icon-list-item\">\n\t\t\t\t\t\t\t\t\t\t\t<span class=\"elementor-icon-list-icon\">\n\t\t\t\t\t\t\t<svg xmlns=\"http:\/\/www.w3.org\/2000\/svg\" xmlns:xlink=\"http:\/\/www.w3.org\/1999\/xlink\" width=\"100\" viewBox=\"0 0 75 74.999997\" height=\"100\" preserveAspectRatio=\"xMidYMid meet\"><defs><clipPath id=\"57ed76ba73\"><path d=\"M 11.511719 7.5 L 63.261719 7.5 L 63.261719 67.5 L 11.511719 67.5 Z M 11.511719 7.5 \" clip-rule=\"nonzero\"><\/path><\/clipPath><\/defs><rect x=\"-7.5\" width=\"90\" fill=\"#ffffff\" y=\"-7.5\" height=\"89.999996\" fill-opacity=\"1\"><\/rect><rect x=\"-7.5\" width=\"90\" fill=\"#ffffff\" y=\"-7.5\" height=\"89.999996\" fill-opacity=\"1\"><\/rect><g clip-path=\"url(#57ed76ba73)\"><path fill=\"#008ad8\" d=\"M 63.484375 37.503906 L 11.515625 67.507812 L 11.515625 52.507812 L 37.5 37.503906 L 11.515625 22.503906 L 11.515625 7.5 Z M 63.484375 37.503906 \" fill-opacity=\"1\" fill-rule=\"nonzero\"><\/path><\/g><\/svg>\t\t\t\t\t\t<\/span>\n\t\t\t\t\t\t\t\t\t\t<span class=\"elementor-icon-list-text\">Pharmazie<\/span>\n\t\t\t\t\t\t\t\t\t<\/li>\n\t\t\t\t\t\t\t\t<li class=\"elementor-icon-list-item\">\n\t\t\t\t\t\t\t\t\t\t\t<span class=\"elementor-icon-list-icon\">\n\t\t\t\t\t\t\t<svg xmlns=\"http:\/\/www.w3.org\/2000\/svg\" xmlns:xlink=\"http:\/\/www.w3.org\/1999\/xlink\" width=\"100\" viewBox=\"0 0 75 74.999997\" height=\"100\" preserveAspectRatio=\"xMidYMid meet\"><defs><clipPath id=\"57ed76ba73\"><path d=\"M 11.511719 7.5 L 63.261719 7.5 L 63.261719 67.5 L 11.511719 67.5 Z M 11.511719 7.5 \" clip-rule=\"nonzero\"><\/path><\/clipPath><\/defs><rect x=\"-7.5\" width=\"90\" fill=\"#ffffff\" y=\"-7.5\" height=\"89.999996\" fill-opacity=\"1\"><\/rect><rect x=\"-7.5\" width=\"90\" fill=\"#ffffff\" y=\"-7.5\" height=\"89.999996\" fill-opacity=\"1\"><\/rect><g clip-path=\"url(#57ed76ba73)\"><path fill=\"#008ad8\" d=\"M 63.484375 37.503906 L 11.515625 67.507812 L 11.515625 52.507812 L 37.5 37.503906 L 11.515625 22.503906 L 11.515625 7.5 Z M 63.484375 37.503906 \" fill-opacity=\"1\" fill-rule=\"nonzero\"><\/path><\/g><\/svg>\t\t\t\t\t\t<\/span>\n\t\t\t\t\t\t\t\t\t\t<span class=\"elementor-icon-list-text\">Automobilindustrie<\/span>\n\t\t\t\t\t\t\t\t\t<\/li>\n\t\t\t\t\t\t\t\t<li class=\"elementor-icon-list-item\">\n\t\t\t\t\t\t\t\t\t\t\t<span class=\"elementor-icon-list-icon\">\n\t\t\t\t\t\t\t<svg xmlns=\"http:\/\/www.w3.org\/2000\/svg\" xmlns:xlink=\"http:\/\/www.w3.org\/1999\/xlink\" width=\"100\" viewBox=\"0 0 75 74.999997\" height=\"100\" preserveAspectRatio=\"xMidYMid meet\"><defs><clipPath id=\"57ed76ba73\"><path d=\"M 11.511719 7.5 L 63.261719 7.5 L 63.261719 67.5 L 11.511719 67.5 Z M 11.511719 7.5 \" clip-rule=\"nonzero\"><\/path><\/clipPath><\/defs><rect x=\"-7.5\" width=\"90\" fill=\"#ffffff\" y=\"-7.5\" height=\"89.999996\" fill-opacity=\"1\"><\/rect><rect x=\"-7.5\" width=\"90\" fill=\"#ffffff\" y=\"-7.5\" height=\"89.999996\" fill-opacity=\"1\"><\/rect><g clip-path=\"url(#57ed76ba73)\"><path fill=\"#008ad8\" d=\"M 63.484375 37.503906 L 11.515625 67.507812 L 11.515625 52.507812 L 37.5 37.503906 L 11.515625 22.503906 L 11.515625 7.5 Z M 63.484375 37.503906 \" fill-opacity=\"1\" fill-rule=\"nonzero\"><\/path><\/g><\/svg>\t\t\t\t\t\t<\/span>\n\t\t\t\t\t\t\t\t\t\t<span class=\"elementor-icon-list-text\">Verarbeitung und Logistik<\/span>\n\t\t\t\t\t\t\t\t\t<\/li>\n\t\t\t\t\t\t\t\t<li class=\"elementor-icon-list-item\">\n\t\t\t\t\t\t\t\t\t\t\t<span class=\"elementor-icon-list-icon\">\n\t\t\t\t\t\t\t<svg xmlns=\"http:\/\/www.w3.org\/2000\/svg\" xmlns:xlink=\"http:\/\/www.w3.org\/1999\/xlink\" width=\"100\" viewBox=\"0 0 75 74.999997\" height=\"100\" preserveAspectRatio=\"xMidYMid meet\"><defs><clipPath id=\"57ed76ba73\"><path d=\"M 11.511719 7.5 L 63.261719 7.5 L 63.261719 67.5 L 11.511719 67.5 Z M 11.511719 7.5 \" clip-rule=\"nonzero\"><\/path><\/clipPath><\/defs><rect x=\"-7.5\" width=\"90\" fill=\"#ffffff\" y=\"-7.5\" height=\"89.999996\" fill-opacity=\"1\"><\/rect><rect x=\"-7.5\" width=\"90\" fill=\"#ffffff\" y=\"-7.5\" height=\"89.999996\" fill-opacity=\"1\"><\/rect><g clip-path=\"url(#57ed76ba73)\"><path fill=\"#008ad8\" d=\"M 63.484375 37.503906 L 11.515625 67.507812 L 11.515625 52.507812 L 37.5 37.503906 L 11.515625 22.503906 L 11.515625 7.5 Z M 63.484375 37.503906 \" fill-opacity=\"1\" fill-rule=\"nonzero\"><\/path><\/g><\/svg>\t\t\t\t\t\t<\/span>\n\t\t\t\t\t\t\t\t\t\t<span class=\"elementor-icon-list-text\">unter anderem...<\/span>\n\t\t\t\t\t\t\t\t\t<\/li>\n\t\t\t\t\t\t<\/ul>\n\t\t\t\t\t\t<\/div>\n\t\t\t\t<\/div>\n\t\t\t\t<div class=\"elementor-element elementor-element-15ddd56 elementor-hidden-tablet elementor-widget elementor-widget-text-editor\" data-id=\"15ddd56\" data-element_type=\"widget\" data-widget_type=\"text-editor.default\">\n\t\t\t\t<div class=\"elementor-widget-container\">\n\t\t\t\t\t\t\t\t\t<p>Die Verpflichtung besteht darin, innovative und effiziente Produkte f\u00fcr spezifische Bed\u00fcrfnisse anzubieten, von der Gestaltung und Integration von Projekten bis hin zu <strong><a href=\"https:\/\/nhw-solutions.pt\/de\/automationsservices\/industrial-automation-consulting\/\">Beratung <\/a>und <a href=\"https:\/\/nhw-solutions.pt\/de\/automationsservices\/technische-hilfe\/\">technischer Hilfe<\/a><\/strong>.<br><br>Unser <a href=\"https:\/\/diariodarepublica.pt\/dr\/detalhe\/despacho\/1559-2021-156846307\" target=\"_blank\" rel=\"noopener\">Expertenteam <\/a>stellt sich gerne den Herausforderungen der modernen Industrialisierung. Ob in der Prozessoptimierung, Installation von industriellen Maschinen und Anlagen oder in der Forschung und Entwicklung von L\u00f6sungen \u2013 NHW-Solutions ist verpflichtet, Automatisierungsl\u00f6sungen f\u00fcr die Industrie zu pr\u00e4sentieren. <\/p>\t\t\t\t\t\t\t\t<\/div>\n\t\t\t\t<\/div>\n\t\t\t\t<div class=\"elementor-element elementor-element-758eadb elementor-hidden-desktop elementor-hidden-mobile elementor-widget elementor-widget-text-editor\" data-id=\"758eadb\" data-element_type=\"widget\" data-widget_type=\"text-editor.default\">\n\t\t\t\t<div class=\"elementor-widget-container\">\n\t\t\t\t\t\t\t\t\tDie Verpflichtung besteht darin, innovative und effiziente Produkte f\u00fcr spezifische Bed\u00fcrfnisse anzubieten, von der Gestaltung und Integration von Projekten bis hin zu <strong><a href=\"https:\/\/nhw-solutions.pt\/de\/automationsservices\/industrial-automation-consulting\/\">Beratung <\/a>und <a href=\"https:\/\/nhw-solutions.pt\/de\/automationsservices\/technische-hilfe\/\">technischer Hilfe<\/a><\/strong>.\t\t\t\t\t\t\t\t<\/div>\n\t\t\t\t<\/div>\n\t\t\t\t\t<\/div>\n\t\t<\/div>\n\t\t\t\t<div class=\"elementor-column elementor-col-50 elementor-top-column elementor-element elementor-element-3b6d\" data-id=\"3b6d\" data-element_type=\"column\">\n\t\t\t<div class=\"elementor-widget-wrap elementor-element-populated\">\n\t\t\t\t\t\t<div class=\"elementor-element elementor-element-a05b906 elementor-pagination-position-outside elementor-widget elementor-widget-image-carousel\" data-id=\"a05b906\" data-element_type=\"widget\" data-settings=\"{&quot;slides_to_show&quot;:&quot;1&quot;,&quot;navigation&quot;:&quot;dots&quot;,&quot;autoplay&quot;:&quot;yes&quot;,&quot;pause_on_hover&quot;:&quot;yes&quot;,&quot;pause_on_interaction&quot;:&quot;yes&quot;,&quot;autoplay_speed&quot;:5000,&quot;infinite&quot;:&quot;yes&quot;,&quot;effect&quot;:&quot;slide&quot;,&quot;speed&quot;:500}\" data-widget_type=\"image-carousel.default\">\n\t\t\t\t<div class=\"elementor-widget-container\">\n\t\t\t\t\t\t\t<div class=\"elementor-image-carousel-wrapper swiper\" role=\"region\" aria-roledescription=\"carousel\" aria-label=\"Carrossel de imagens\" dir=\"ltr\">\n\t\t\t<div class=\"elementor-image-carousel swiper-wrapper\" aria-live=\"off\">\n\t\t\t\t\t\t\t\t<div class=\"swiper-slide\" role=\"group\" aria-roledescription=\"slide\" aria-label=\"1 von 6\"><figure class=\"swiper-slide-inner\"><img decoding=\"async\" class=\"swiper-slide-image\" src=\"https:\/\/nhw-solutions.pt\/wp-content\/uploads\/2024\/03\/nhw-solutions-industrias-automacao.webp\" alt=\"Ind\u00fastrias automa\u00e7\u00e3o\" \/><\/figure><\/div><div class=\"swiper-slide\" role=\"group\" aria-roledescription=\"slide\" aria-label=\"2 von 6\"><figure class=\"swiper-slide-inner\"><img decoding=\"async\" class=\"swiper-slide-image\" src=\"https:\/\/nhw-solutions.pt\/wp-content\/uploads\/2025\/01\/industria_farmaceutica.webp\" alt=\"automa\u00e7\u00e3o ind\u00fastria farmac\u00eautica\" \/><\/figure><\/div><div class=\"swiper-slide\" role=\"group\" aria-roledescription=\"slide\" aria-label=\"3 von 6\"><figure class=\"swiper-slide-inner\"><img decoding=\"async\" class=\"swiper-slide-image\" src=\"https:\/\/nhw-solutions.pt\/wp-content\/uploads\/2025\/01\/transformacao_e_logistica.webp\" alt=\"transforma\u00e7\u00e3o e log\u00edstica automa\u00e7\u00e3o\" \/><\/figure><\/div><div class=\"swiper-slide\" role=\"group\" aria-roledescription=\"slide\" aria-label=\"4 von 6\"><figure class=\"swiper-slide-inner\"><img decoding=\"async\" class=\"swiper-slide-image\" src=\"https:\/\/nhw-solutions.pt\/wp-content\/uploads\/2025\/01\/industria_automovel.webp\" alt=\"automa\u00e7\u00e3o ind\u00fastria autom\u00f3vel\" \/><\/figure><\/div><div class=\"swiper-slide\" role=\"group\" aria-roledescription=\"slide\" aria-label=\"5 von 6\"><figure class=\"swiper-slide-inner\"><img decoding=\"async\" class=\"swiper-slide-image\" src=\"https:\/\/nhw-solutions.pt\/wp-content\/uploads\/2025\/01\/outras_industrias.webp\" alt=\"automa\u00e7\u00e3o personalizada para v\u00e1rias ind\u00fastrias\" \/><\/figure><\/div><div class=\"swiper-slide\" role=\"group\" aria-roledescription=\"slide\" aria-label=\"6 von 6\"><figure class=\"swiper-slide-inner\"><img decoding=\"async\" class=\"swiper-slide-image\" src=\"https:\/\/nhw-solutions.pt\/wp-content\/uploads\/2025\/01\/industria_alimentar.webp\" alt=\"automa\u00e7\u00e3o industria alimentar\" \/><\/figure><\/div>\t\t\t<\/div>\n\t\t\t\t\t\t\t\n\t\t\t\t\t\t\t\t\t<div class=\"swiper-pagination\"><\/div>\n\t\t\t\t\t\t\t\t\t<\/div>\n\t\t\t\t\t\t<\/div>\n\t\t\t\t<\/div>\n\t\t\t\t<div class=\"elementor-element elementor-element-ecdf91e elementor-hidden-desktop elementor-hidden-mobile elementor-widget elementor-widget-text-editor\" data-id=\"ecdf91e\" data-element_type=\"widget\" data-widget_type=\"text-editor.default\">\n\t\t\t\t<div class=\"elementor-widget-container\">\n\t\t\t\t\t\t\t\t\tUnser <a href=\"https:\/\/diariodarepublica.pt\/dr\/detalhe\/despacho\/1559-2021-156846307\" target=\"_blank\" rel=\"noopener\">Expertenteam <\/a>steht den Herausforderungen der modernen Industrialisierung gerne entgegen. Ob in der Prozessoptimierung, Installation von industriellen Maschinen und Anlagen oder in der Forschung und Entwicklung von L\u00f6sungen, NHW-Solutions ist verpflichtet, Automatisierungsl\u00f6sungen f\u00fcr die Industrie zu pr\u00e4sentieren. \t\t\t\t\t\t\t\t<\/div>\n\t\t\t\t<\/div>\n\t\t\t\t\t<\/div>\n\t\t<\/div>\n\t\t\t\t\t<\/div>\n\t\t<\/section>\n\t\t\t\t<section class=\"elementor-section elementor-top-section elementor-element elementor-element-65aef973 elementor-section-boxed elementor-section-height-default elementor-section-height-default\" data-id=\"65aef973\" data-element_type=\"section\" data-settings=\"{&quot;jet_parallax_layout_list&quot;:[{&quot;jet_parallax_layout_speed&quot;:{&quot;unit&quot;:&quot;%&quot;,&quot;size&quot;:50,&quot;sizes&quot;:[]},&quot;jet_parallax_layout_bg_size&quot;:&quot;cover&quot;,&quot;jet_parallax_layout_animation_prop&quot;:&quot;bgposition&quot;,&quot;_id&quot;:&quot;7992538&quot;,&quot;jet_parallax_layout_image&quot;:{&quot;url&quot;:&quot;&quot;,&quot;id&quot;:&quot;&quot;,&quot;size&quot;:&quot;&quot;},&quot;jet_parallax_layout_image_tablet&quot;:{&quot;url&quot;:&quot;&quot;,&quot;id&quot;:&quot;&quot;,&quot;size&quot;:&quot;&quot;},&quot;jet_parallax_layout_image_mobile&quot;:{&quot;url&quot;:&quot;&quot;,&quot;id&quot;:&quot;&quot;,&quot;size&quot;:&quot;&quot;},&quot;jet_parallax_layout_type&quot;:&quot;scroll&quot;,&quot;jet_parallax_layout_direction&quot;:&quot;1&quot;,&quot;jet_parallax_layout_fx_direction&quot;:null,&quot;jet_parallax_layout_z_index&quot;:&quot;&quot;,&quot;jet_parallax_layout_bg_x&quot;:50,&quot;jet_parallax_layout_bg_x_tablet&quot;:&quot;&quot;,&quot;jet_parallax_layout_bg_x_mobile&quot;:&quot;&quot;,&quot;jet_parallax_layout_bg_y&quot;:50,&quot;jet_parallax_layout_bg_y_tablet&quot;:&quot;&quot;,&quot;jet_parallax_layout_bg_y_mobile&quot;:&quot;&quot;,&quot;jet_parallax_layout_bg_size_tablet&quot;:&quot;&quot;,&quot;jet_parallax_layout_bg_size_mobile&quot;:&quot;&quot;,&quot;jet_parallax_layout_on&quot;:[&quot;desktop&quot;,&quot;tablet&quot;]}],&quot;background_background&quot;:&quot;classic&quot;}\">\n\t\t\t\t\t\t\t<div class=\"elementor-background-overlay\"><\/div>\n\t\t\t\t\t\t\t<div class=\"elementor-container elementor-column-gap-default\">\n\t\t\t\t\t<div class=\"elementor-column elementor-col-100 elementor-top-column elementor-element elementor-element-5640442d\" data-id=\"5640442d\" data-element_type=\"column\" data-settings=\"{&quot;background_background&quot;:&quot;classic&quot;}\">\n\t\t\t<div class=\"elementor-widget-wrap elementor-element-populated\">\n\t\t\t\t\t\t<div class=\"elementor-element elementor-element-213d8904 elementor-widget elementor-widget-heading\" data-id=\"213d8904\" data-element_type=\"widget\" data-widget_type=\"heading.default\">\n\t\t\t\t<div class=\"elementor-widget-container\">\n\t\t\t\t\t<h2 class=\"elementor-heading-title elementor-size-default\">FINDEN SIE HERAUS, WAS WIR NOCH F\u00dcR IHRE BRANCHE TUN K\u00d6NNEN! <\/h2>\t\t\t\t<\/div>\n\t\t\t\t<\/div>\n\t\t\t\t<div class=\"elementor-element elementor-element-5a6d03dd elementor-widget elementor-widget-text-editor\" data-id=\"5a6d03dd\" data-element_type=\"widget\" data-widget_type=\"text-editor.default\">\n\t\t\t\t<div class=\"elementor-widget-container\">\n\t\t\t\t\t\t\t\t\t<p>Lernen Sie alle Bereiche von NHW-Solutions kennen.<\/p>\t\t\t\t\t\t\t\t<\/div>\n\t\t\t\t<\/div>\n\t\t\t\t<div class=\"elementor-element elementor-element-46cdd28b elementor-align-right elementor-tablet-align-center elementor-mobile-align-center elementor-widget elementor-widget-button\" data-id=\"46cdd28b\" data-element_type=\"widget\" data-widget_type=\"button.default\">\n\t\t\t\t<div class=\"elementor-widget-container\">\n\t\t\t\t\t\t\t\t\t<div class=\"elementor-button-wrapper\">\n\t\t\t\t\t<a class=\"elementor-button elementor-button-link elementor-size-sm elementor-animation-grow\" href=\"https:\/\/nhw-solutions.pt\/de\/automationsservices\/\">\n\t\t\t\t\t\t<span class=\"elementor-button-content-wrapper\">\n\t\t\t\t\t\t\t\t\t<span class=\"elementor-button-text\">Dienstleistungen<\/span>\n\t\t\t\t\t<\/span>\n\t\t\t\t\t<\/a>\n\t\t\t\t<\/div>\n\t\t\t\t\t\t\t\t<\/div>\n\t\t\t\t<\/div>\n\t\t\t\t\t<\/div>\n\t\t<\/div>\n\t\t\t\t\t<\/div>\n\t\t<\/section>\n\t\t\t\t<\/div>\n\t\t","protected":false},"excerpt":{"rendered":"<p>Industrie T\u00e4tigkeitsbereiche NHW-Solutions, Lda ist ein Unternehmen, das eine wichtige Rolle im industriellen Sektor spielt, das hei\u00dft, mit einer starken Pr\u00e4senz in der verarbeitenden Industrie. Wir bieten qualitativ hochwertige Dienstleistungen zur Automatisierung und Optimierung von Prozessen in den folgenden Branchen: F\u00fctterung Keramik Pharmazie Automobilindustrie Verarbeitung und Logistik unter anderem&#8230; Die Verpflichtung besteht darin, innovative und [&hellip;]<\/p>\n","protected":false},"author":1,"featured_media":7266,"parent":0,"menu_order":0,"comment_status":"closed","ping_status":"closed","template":"","meta":{"footnotes":""},"class_list":["post-6643","page","type-page","status-publish","has-post-thumbnail","hentry"],"_links":{"self":[{"href":"https:\/\/nhw-solutions.pt\/de\/wp-json\/wp\/v2\/pages\/6643","targetHints":{"allow":["GET"]}}],"collection":[{"href":"https:\/\/nhw-solutions.pt\/de\/wp-json\/wp\/v2\/pages"}],"about":[{"href":"https:\/\/nhw-solutions.pt\/de\/wp-json\/wp\/v2\/types\/page"}],"author":[{"embeddable":true,"href":"https:\/\/nhw-solutions.pt\/de\/wp-json\/wp\/v2\/users\/1"}],"replies":[{"embeddable":true,"href":"https:\/\/nhw-solutions.pt\/de\/wp-json\/wp\/v2\/comments?post=6643"}],"version-history":[{"count":9,"href":"https:\/\/nhw-solutions.pt\/de\/wp-json\/wp\/v2\/pages\/6643\/revisions"}],"predecessor-version":[{"id":7160,"href":"https:\/\/nhw-solutions.pt\/de\/wp-json\/wp\/v2\/pages\/6643\/revisions\/7160"}],"wp:featuredmedia":[{"embeddable":true,"href":"https:\/\/nhw-solutions.pt\/de\/wp-json\/wp\/v2\/media\/7266"}],"wp:attachment":[{"href":"https:\/\/nhw-solutions.pt\/de\/wp-json\/wp\/v2\/media?parent=6643"}],"curies":[{"name":"wp","href":"https:\/\/api.w.org\/{rel}","templated":true}]}}