{"id":6190,"date":"2018-05-03T12:50:10","date_gmt":"2018-05-03T12:50:10","guid":{"rendered":"https:\/\/nhw-solutions.pt\/industry\/"},"modified":"2025-03-07T10:24:44","modified_gmt":"2025-03-07T10:24:44","slug":"industry","status":"publish","type":"page","link":"https:\/\/nhw-solutions.pt\/en\/industry\/","title":{"rendered":"INDUSTRY"},"content":{"rendered":"\t\t<div data-elementor-type=\"wp-post\" data-elementor-id=\"6190\" class=\"elementor elementor-6190 elementor-41\">\n\t\t\t\t\t\t<section class=\"elementor-section elementor-top-section elementor-element elementor-element-731e15d elementor-section-height-min-height elementor-section-boxed elementor-section-height-default elementor-section-items-middle\" data-id=\"731e15d\" data-element_type=\"section\" data-settings=\"{&quot;background_background&quot;:&quot;classic&quot;,&quot;jet_parallax_layout_list&quot;:[{&quot;jet_parallax_layout_image&quot;:{&quot;url&quot;:&quot;&quot;,&quot;id&quot;:&quot;&quot;,&quot;size&quot;:&quot;&quot;},&quot;_id&quot;:&quot;ea864a4&quot;,&quot;jet_parallax_layout_speed&quot;:{&quot;unit&quot;:&quot;%&quot;,&quot;size&quot;:50,&quot;sizes&quot;:[]},&quot;jet_parallax_layout_image_tablet&quot;:{&quot;url&quot;:&quot;&quot;,&quot;id&quot;:&quot;&quot;,&quot;size&quot;:&quot;&quot;},&quot;jet_parallax_layout_image_mobile&quot;:{&quot;url&quot;:&quot;&quot;,&quot;id&quot;:&quot;&quot;,&quot;size&quot;:&quot;&quot;},&quot;jet_parallax_layout_type&quot;:&quot;scroll&quot;,&quot;jet_parallax_layout_direction&quot;:&quot;1&quot;,&quot;jet_parallax_layout_fx_direction&quot;:null,&quot;jet_parallax_layout_z_index&quot;:&quot;&quot;,&quot;jet_parallax_layout_bg_x&quot;:50,&quot;jet_parallax_layout_bg_x_tablet&quot;:&quot;&quot;,&quot;jet_parallax_layout_bg_x_mobile&quot;:&quot;&quot;,&quot;jet_parallax_layout_bg_y&quot;:50,&quot;jet_parallax_layout_bg_y_tablet&quot;:&quot;&quot;,&quot;jet_parallax_layout_bg_y_mobile&quot;:&quot;&quot;,&quot;jet_parallax_layout_bg_size&quot;:&quot;auto&quot;,&quot;jet_parallax_layout_bg_size_tablet&quot;:&quot;&quot;,&quot;jet_parallax_layout_bg_size_mobile&quot;:&quot;&quot;,&quot;jet_parallax_layout_animation_prop&quot;:&quot;transform&quot;,&quot;jet_parallax_layout_on&quot;:[&quot;desktop&quot;,&quot;tablet&quot;]}]}\">\n\t\t\t\t\t\t<div class=\"elementor-container elementor-column-gap-default\">\n\t\t\t\t\t<div class=\"elementor-column elementor-col-100 elementor-top-column elementor-element elementor-element-56ac352\" data-id=\"56ac352\" data-element_type=\"column\">\n\t\t\t<div class=\"elementor-widget-wrap elementor-element-populated\">\n\t\t\t\t\t\t<div class=\"elementor-element elementor-element-d6f4ac0 elementor-widget elementor-widget-heading\" data-id=\"d6f4ac0\" data-element_type=\"widget\" data-widget_type=\"heading.default\">\n\t\t\t\t<div class=\"elementor-widget-container\">\n\t\t\t\t\t<h1 class=\"elementor-heading-title elementor-size-default\">INDUSTRY<\/h1>\t\t\t\t<\/div>\n\t\t\t\t<\/div>\n\t\t\t\t\t<\/div>\n\t\t<\/div>\n\t\t\t\t\t<\/div>\n\t\t<\/section>\n\t\t\t\t<section class=\"elementor-section elementor-top-section elementor-element elementor-element-33a2 elementor-section-boxed elementor-section-height-default elementor-section-height-default\" data-id=\"33a2\" data-element_type=\"section\" data-settings=\"{&quot;jet_parallax_layout_list&quot;:[{&quot;_id&quot;:&quot;fa8d91c&quot;,&quot;jet_parallax_layout_speed&quot;:{&quot;unit&quot;:&quot;%&quot;,&quot;size&quot;:50,&quot;sizes&quot;:[]},&quot;jet_parallax_layout_image&quot;:{&quot;url&quot;:&quot;&quot;,&quot;id&quot;:&quot;&quot;,&quot;size&quot;:&quot;&quot;},&quot;jet_parallax_layout_image_tablet&quot;:{&quot;url&quot;:&quot;&quot;,&quot;id&quot;:&quot;&quot;,&quot;size&quot;:&quot;&quot;},&quot;jet_parallax_layout_image_mobile&quot;:{&quot;url&quot;:&quot;&quot;,&quot;id&quot;:&quot;&quot;,&quot;size&quot;:&quot;&quot;},&quot;jet_parallax_layout_type&quot;:&quot;scroll&quot;,&quot;jet_parallax_layout_direction&quot;:&quot;1&quot;,&quot;jet_parallax_layout_fx_direction&quot;:null,&quot;jet_parallax_layout_z_index&quot;:&quot;&quot;,&quot;jet_parallax_layout_bg_x&quot;:50,&quot;jet_parallax_layout_bg_x_tablet&quot;:&quot;&quot;,&quot;jet_parallax_layout_bg_x_mobile&quot;:&quot;&quot;,&quot;jet_parallax_layout_bg_y&quot;:50,&quot;jet_parallax_layout_bg_y_tablet&quot;:&quot;&quot;,&quot;jet_parallax_layout_bg_y_mobile&quot;:&quot;&quot;,&quot;jet_parallax_layout_bg_size&quot;:&quot;auto&quot;,&quot;jet_parallax_layout_bg_size_tablet&quot;:&quot;&quot;,&quot;jet_parallax_layout_bg_size_mobile&quot;:&quot;&quot;,&quot;jet_parallax_layout_animation_prop&quot;:&quot;transform&quot;,&quot;jet_parallax_layout_on&quot;:[&quot;desktop&quot;,&quot;tablet&quot;]}]}\">\n\t\t\t\t\t\t<div class=\"elementor-container elementor-column-gap-extended\">\n\t\t\t\t\t<div class=\"elementor-column elementor-col-50 elementor-top-column elementor-element elementor-element-6997\" data-id=\"6997\" data-element_type=\"column\">\n\t\t\t<div class=\"elementor-widget-wrap elementor-element-populated\">\n\t\t\t\t\t\t<div class=\"elementor-element elementor-element-454a elementor-widget elementor-widget-heading\" data-id=\"454a\" data-element_type=\"widget\" data-widget_type=\"heading.default\">\n\t\t\t\t<div class=\"elementor-widget-container\">\n\t\t\t\t\t<h2 class=\"elementor-heading-title elementor-size-default\">sector of activity<\/h2>\t\t\t\t<\/div>\n\t\t\t\t<\/div>\n\t\t\t\t<div class=\"elementor-element elementor-element-cfe393a elementor-widget elementor-widget-text-editor\" data-id=\"cfe393a\" data-element_type=\"widget\" data-widget_type=\"text-editor.default\">\n\t\t\t\t<div class=\"elementor-widget-container\">\n\t\t\t\t\t\t\t\t\t<p><strong>NHW-Solutions<\/strong>, Lda is a company that plays a key role in the industrial sector, that is, with strong presence in the second sector. Provides high quality <a href=\"https:\/\/nhw-solutions.pt\/en\/automation-services\/\" target=\"_blank\" rel=\"noopener\">services <\/a>aimed at the automation and optimization of processes in the following industries:<\/p>\n\t\t\t\t\t\t\t\t<\/div>\n\t\t\t\t<\/div>\n\t\t\t\t<div class=\"elementor-element elementor-element-2c7b859 elementor-icon-list--layout-traditional elementor-list-item-link-full_width elementor-widget elementor-widget-icon-list\" data-id=\"2c7b859\" data-element_type=\"widget\" data-widget_type=\"icon-list.default\">\n\t\t\t\t<div class=\"elementor-widget-container\">\n\t\t\t\t\t\t\t<ul class=\"elementor-icon-list-items\">\n\t\t\t\t\t\t\t<li class=\"elementor-icon-list-item\">\n\t\t\t\t\t\t\t\t\t\t\t<span class=\"elementor-icon-list-icon\">\n\t\t\t\t\t\t\t<svg xmlns=\"http:\/\/www.w3.org\/2000\/svg\" xmlns:xlink=\"http:\/\/www.w3.org\/1999\/xlink\" width=\"100\" viewBox=\"0 0 75 74.999997\" height=\"100\" preserveAspectRatio=\"xMidYMid meet\"><defs><clipPath id=\"57ed76ba73\"><path d=\"M 11.511719 7.5 L 63.261719 7.5 L 63.261719 67.5 L 11.511719 67.5 Z M 11.511719 7.5 \" clip-rule=\"nonzero\"><\/path><\/clipPath><\/defs><rect x=\"-7.5\" width=\"90\" fill=\"#ffffff\" y=\"-7.5\" height=\"89.999996\" fill-opacity=\"1\"><\/rect><rect x=\"-7.5\" width=\"90\" fill=\"#ffffff\" y=\"-7.5\" height=\"89.999996\" fill-opacity=\"1\"><\/rect><g clip-path=\"url(#57ed76ba73)\"><path fill=\"#008ad8\" d=\"M 63.484375 37.503906 L 11.515625 67.507812 L 11.515625 52.507812 L 37.5 37.503906 L 11.515625 22.503906 L 11.515625 7.5 Z M 63.484375 37.503906 \" fill-opacity=\"1\" fill-rule=\"nonzero\"><\/path><\/g><\/svg>\t\t\t\t\t\t<\/span>\n\t\t\t\t\t\t\t\t\t\t<span class=\"elementor-icon-list-text\">Alimentary<\/span>\n\t\t\t\t\t\t\t\t\t<\/li>\n\t\t\t\t\t\t\t\t<li class=\"elementor-icon-list-item\">\n\t\t\t\t\t\t\t\t\t\t\t<span class=\"elementor-icon-list-icon\">\n\t\t\t\t\t\t\t<svg xmlns=\"http:\/\/www.w3.org\/2000\/svg\" xmlns:xlink=\"http:\/\/www.w3.org\/1999\/xlink\" width=\"100\" viewBox=\"0 0 75 74.999997\" height=\"100\" preserveAspectRatio=\"xMidYMid meet\"><defs><clipPath id=\"57ed76ba73\"><path d=\"M 11.511719 7.5 L 63.261719 7.5 L 63.261719 67.5 L 11.511719 67.5 Z M 11.511719 7.5 \" clip-rule=\"nonzero\"><\/path><\/clipPath><\/defs><rect x=\"-7.5\" width=\"90\" fill=\"#ffffff\" y=\"-7.5\" height=\"89.999996\" fill-opacity=\"1\"><\/rect><rect x=\"-7.5\" width=\"90\" fill=\"#ffffff\" y=\"-7.5\" height=\"89.999996\" fill-opacity=\"1\"><\/rect><g clip-path=\"url(#57ed76ba73)\"><path fill=\"#008ad8\" d=\"M 63.484375 37.503906 L 11.515625 67.507812 L 11.515625 52.507812 L 37.5 37.503906 L 11.515625 22.503906 L 11.515625 7.5 Z M 63.484375 37.503906 \" fill-opacity=\"1\" fill-rule=\"nonzero\"><\/path><\/g><\/svg>\t\t\t\t\t\t<\/span>\n\t\t\t\t\t\t\t\t\t\t<span class=\"elementor-icon-list-text\">Ceramic<\/span>\n\t\t\t\t\t\t\t\t\t<\/li>\n\t\t\t\t\t\t\t\t<li class=\"elementor-icon-list-item\">\n\t\t\t\t\t\t\t\t\t\t\t<span class=\"elementor-icon-list-icon\">\n\t\t\t\t\t\t\t<svg xmlns=\"http:\/\/www.w3.org\/2000\/svg\" xmlns:xlink=\"http:\/\/www.w3.org\/1999\/xlink\" width=\"100\" viewBox=\"0 0 75 74.999997\" height=\"100\" preserveAspectRatio=\"xMidYMid meet\"><defs><clipPath id=\"57ed76ba73\"><path d=\"M 11.511719 7.5 L 63.261719 7.5 L 63.261719 67.5 L 11.511719 67.5 Z M 11.511719 7.5 \" clip-rule=\"nonzero\"><\/path><\/clipPath><\/defs><rect x=\"-7.5\" width=\"90\" fill=\"#ffffff\" y=\"-7.5\" height=\"89.999996\" fill-opacity=\"1\"><\/rect><rect x=\"-7.5\" width=\"90\" fill=\"#ffffff\" y=\"-7.5\" height=\"89.999996\" fill-opacity=\"1\"><\/rect><g clip-path=\"url(#57ed76ba73)\"><path fill=\"#008ad8\" d=\"M 63.484375 37.503906 L 11.515625 67.507812 L 11.515625 52.507812 L 37.5 37.503906 L 11.515625 22.503906 L 11.515625 7.5 Z M 63.484375 37.503906 \" fill-opacity=\"1\" fill-rule=\"nonzero\"><\/path><\/g><\/svg>\t\t\t\t\t\t<\/span>\n\t\t\t\t\t\t\t\t\t\t<span class=\"elementor-icon-list-text\">Pharmaceutical<\/span>\n\t\t\t\t\t\t\t\t\t<\/li>\n\t\t\t\t\t\t\t\t<li class=\"elementor-icon-list-item\">\n\t\t\t\t\t\t\t\t\t\t\t<span class=\"elementor-icon-list-icon\">\n\t\t\t\t\t\t\t<svg xmlns=\"http:\/\/www.w3.org\/2000\/svg\" xmlns:xlink=\"http:\/\/www.w3.org\/1999\/xlink\" width=\"100\" viewBox=\"0 0 75 74.999997\" height=\"100\" preserveAspectRatio=\"xMidYMid meet\"><defs><clipPath id=\"57ed76ba73\"><path d=\"M 11.511719 7.5 L 63.261719 7.5 L 63.261719 67.5 L 11.511719 67.5 Z M 11.511719 7.5 \" clip-rule=\"nonzero\"><\/path><\/clipPath><\/defs><rect x=\"-7.5\" width=\"90\" fill=\"#ffffff\" y=\"-7.5\" height=\"89.999996\" fill-opacity=\"1\"><\/rect><rect x=\"-7.5\" width=\"90\" fill=\"#ffffff\" y=\"-7.5\" height=\"89.999996\" fill-opacity=\"1\"><\/rect><g clip-path=\"url(#57ed76ba73)\"><path fill=\"#008ad8\" d=\"M 63.484375 37.503906 L 11.515625 67.507812 L 11.515625 52.507812 L 37.5 37.503906 L 11.515625 22.503906 L 11.515625 7.5 Z M 63.484375 37.503906 \" fill-opacity=\"1\" fill-rule=\"nonzero\"><\/path><\/g><\/svg>\t\t\t\t\t\t<\/span>\n\t\t\t\t\t\t\t\t\t\t<span class=\"elementor-icon-list-text\">Automobile<\/span>\n\t\t\t\t\t\t\t\t\t<\/li>\n\t\t\t\t\t\t\t\t<li class=\"elementor-icon-list-item\">\n\t\t\t\t\t\t\t\t\t\t\t<span class=\"elementor-icon-list-icon\">\n\t\t\t\t\t\t\t<svg xmlns=\"http:\/\/www.w3.org\/2000\/svg\" xmlns:xlink=\"http:\/\/www.w3.org\/1999\/xlink\" width=\"100\" viewBox=\"0 0 75 74.999997\" height=\"100\" preserveAspectRatio=\"xMidYMid meet\"><defs><clipPath id=\"57ed76ba73\"><path d=\"M 11.511719 7.5 L 63.261719 7.5 L 63.261719 67.5 L 11.511719 67.5 Z M 11.511719 7.5 \" clip-rule=\"nonzero\"><\/path><\/clipPath><\/defs><rect x=\"-7.5\" width=\"90\" fill=\"#ffffff\" y=\"-7.5\" height=\"89.999996\" fill-opacity=\"1\"><\/rect><rect x=\"-7.5\" width=\"90\" fill=\"#ffffff\" y=\"-7.5\" height=\"89.999996\" fill-opacity=\"1\"><\/rect><g clip-path=\"url(#57ed76ba73)\"><path fill=\"#008ad8\" d=\"M 63.484375 37.503906 L 11.515625 67.507812 L 11.515625 52.507812 L 37.5 37.503906 L 11.515625 22.503906 L 11.515625 7.5 Z M 63.484375 37.503906 \" fill-opacity=\"1\" fill-rule=\"nonzero\"><\/path><\/g><\/svg>\t\t\t\t\t\t<\/span>\n\t\t\t\t\t\t\t\t\t\t<span class=\"elementor-icon-list-text\">Transformation and Logistics<\/span>\n\t\t\t\t\t\t\t\t\t<\/li>\n\t\t\t\t\t\t\t\t<li class=\"elementor-icon-list-item\">\n\t\t\t\t\t\t\t\t\t\t\t<span class=\"elementor-icon-list-icon\">\n\t\t\t\t\t\t\t<svg xmlns=\"http:\/\/www.w3.org\/2000\/svg\" xmlns:xlink=\"http:\/\/www.w3.org\/1999\/xlink\" width=\"100\" viewBox=\"0 0 75 74.999997\" height=\"100\" preserveAspectRatio=\"xMidYMid meet\"><defs><clipPath id=\"57ed76ba73\"><path d=\"M 11.511719 7.5 L 63.261719 7.5 L 63.261719 67.5 L 11.511719 67.5 Z M 11.511719 7.5 \" clip-rule=\"nonzero\"><\/path><\/clipPath><\/defs><rect x=\"-7.5\" width=\"90\" fill=\"#ffffff\" y=\"-7.5\" height=\"89.999996\" fill-opacity=\"1\"><\/rect><rect x=\"-7.5\" width=\"90\" fill=\"#ffffff\" y=\"-7.5\" height=\"89.999996\" fill-opacity=\"1\"><\/rect><g clip-path=\"url(#57ed76ba73)\"><path fill=\"#008ad8\" d=\"M 63.484375 37.503906 L 11.515625 67.507812 L 11.515625 52.507812 L 37.5 37.503906 L 11.515625 22.503906 L 11.515625 7.5 Z M 63.484375 37.503906 \" fill-opacity=\"1\" fill-rule=\"nonzero\"><\/path><\/g><\/svg>\t\t\t\t\t\t<\/span>\n\t\t\t\t\t\t\t\t\t\t<span class=\"elementor-icon-list-text\">among others...<\/span>\n\t\t\t\t\t\t\t\t\t<\/li>\n\t\t\t\t\t\t<\/ul>\n\t\t\t\t\t\t<\/div>\n\t\t\t\t<\/div>\n\t\t\t\t<div class=\"elementor-element elementor-element-15ddd56 elementor-hidden-tablet elementor-widget elementor-widget-text-editor\" data-id=\"15ddd56\" data-element_type=\"widget\" data-widget_type=\"text-editor.default\">\n\t\t\t\t<div class=\"elementor-widget-container\">\n\t\t\t\t\t\t\t\t\t<p>The commitment is to offer innovative and efficient products for specific needs, from the design and integration of projects, to <strong><a href=\"https:\/\/nhw-solutions.pt\/en\/automation-services\/industrial-automation-consulting\/\">consulting <\/a>and <a href=\"https:\/\/nhw-solutions.pt\/en\/automation-services\/technical-assistance\/\">technical assistance<\/a><\/strong>.<\/p>\n<p>Our <a href=\"https:\/\/diariodarepublica.pt\/dr\/detalhe\/despacho\/1559-2021-156846307\" target=\"_blank\" rel=\"noopener\">expert <\/a>team is ready to face the challenges of modern industrialization. Whether in process optimization, installation of industrial machinery and equipment or in the research and development of solutions, NHW-Solutions is committed to presenting automation solutions for industry.<\/p>\n\t\t\t\t\t\t\t\t<\/div>\n\t\t\t\t<\/div>\n\t\t\t\t<div class=\"elementor-element elementor-element-758eadb elementor-hidden-desktop elementor-hidden-mobile elementor-widget elementor-widget-text-editor\" data-id=\"758eadb\" data-element_type=\"widget\" data-widget_type=\"text-editor.default\">\n\t\t\t\t<div class=\"elementor-widget-container\">\n\t\t\t\t\t\t\t\t\t<p>The commitment is to offer innovative and efficient products for specific needs, from the design and integration of projects, to <strong><a href=\"https:\/\/nhw-solutions.pt\/en\/automation-services\/industrial-automation-consulting\/\">consulting <\/a>and <a href=\"https:\/\/nhw-solutions.pt\/en\/automation-services\/technical-assistance\/\">technical assistance<\/a><\/strong>.<\/p>\n\t\t\t\t\t\t\t\t<\/div>\n\t\t\t\t<\/div>\n\t\t\t\t\t<\/div>\n\t\t<\/div>\n\t\t\t\t<div class=\"elementor-column elementor-col-50 elementor-top-column elementor-element elementor-element-3b6d\" data-id=\"3b6d\" data-element_type=\"column\">\n\t\t\t<div class=\"elementor-widget-wrap elementor-element-populated\">\n\t\t\t\t\t\t<div class=\"elementor-element elementor-element-a05b906 elementor-pagination-position-outside elementor-widget elementor-widget-image-carousel\" data-id=\"a05b906\" data-element_type=\"widget\" data-settings=\"{&quot;slides_to_show&quot;:&quot;1&quot;,&quot;navigation&quot;:&quot;dots&quot;,&quot;autoplay&quot;:&quot;yes&quot;,&quot;pause_on_hover&quot;:&quot;yes&quot;,&quot;pause_on_interaction&quot;:&quot;yes&quot;,&quot;autoplay_speed&quot;:5000,&quot;infinite&quot;:&quot;yes&quot;,&quot;effect&quot;:&quot;slide&quot;,&quot;speed&quot;:500}\" data-widget_type=\"image-carousel.default\">\n\t\t\t\t<div class=\"elementor-widget-container\">\n\t\t\t\t\t\t\t<div class=\"elementor-image-carousel-wrapper swiper\" role=\"region\" aria-roledescription=\"carousel\" aria-label=\"Image Carousel\" dir=\"ltr\">\n\t\t\t<div class=\"elementor-image-carousel swiper-wrapper\" aria-live=\"off\">\n\t\t\t\t\t\t\t\t<div class=\"swiper-slide\" role=\"group\" aria-roledescription=\"slide\" aria-label=\"1 of 6\"><figure class=\"swiper-slide-inner\"><img decoding=\"async\" class=\"swiper-slide-image\" src=\"https:\/\/nhw-solutions.pt\/wp-content\/uploads\/2024\/03\/nhw-solutions-industrias-automacao.webp\" alt=\"Ind\u00fastrias automa\u00e7\u00e3o\" \/><\/figure><\/div><div class=\"swiper-slide\" role=\"group\" aria-roledescription=\"slide\" aria-label=\"2 of 6\"><figure class=\"swiper-slide-inner\"><img decoding=\"async\" class=\"swiper-slide-image\" src=\"https:\/\/nhw-solutions.pt\/wp-content\/uploads\/2025\/01\/industria_farmaceutica.webp\" alt=\"automa\u00e7\u00e3o ind\u00fastria farmac\u00eautica\" \/><\/figure><\/div><div class=\"swiper-slide\" role=\"group\" aria-roledescription=\"slide\" aria-label=\"3 of 6\"><figure class=\"swiper-slide-inner\"><img decoding=\"async\" class=\"swiper-slide-image\" src=\"https:\/\/nhw-solutions.pt\/wp-content\/uploads\/2025\/01\/transformacao_e_logistica.webp\" alt=\"transforma\u00e7\u00e3o e log\u00edstica automa\u00e7\u00e3o\" \/><\/figure><\/div><div class=\"swiper-slide\" role=\"group\" aria-roledescription=\"slide\" aria-label=\"4 of 6\"><figure class=\"swiper-slide-inner\"><img decoding=\"async\" class=\"swiper-slide-image\" src=\"https:\/\/nhw-solutions.pt\/wp-content\/uploads\/2025\/01\/industria_automovel.webp\" alt=\"automa\u00e7\u00e3o ind\u00fastria autom\u00f3vel\" \/><\/figure><\/div><div class=\"swiper-slide\" role=\"group\" aria-roledescription=\"slide\" aria-label=\"5 of 6\"><figure class=\"swiper-slide-inner\"><img decoding=\"async\" class=\"swiper-slide-image\" src=\"https:\/\/nhw-solutions.pt\/wp-content\/uploads\/2025\/01\/outras_industrias.webp\" alt=\"automa\u00e7\u00e3o personalizada para v\u00e1rias ind\u00fastrias\" \/><\/figure><\/div><div class=\"swiper-slide\" role=\"group\" aria-roledescription=\"slide\" aria-label=\"6 of 6\"><figure class=\"swiper-slide-inner\"><img decoding=\"async\" class=\"swiper-slide-image\" src=\"https:\/\/nhw-solutions.pt\/wp-content\/uploads\/2025\/01\/industria_alimentar.webp\" alt=\"automa\u00e7\u00e3o industria alimentar\" \/><\/figure><\/div>\t\t\t<\/div>\n\t\t\t\t\t\t\t\n\t\t\t\t\t\t\t\t\t<div class=\"swiper-pagination\"><\/div>\n\t\t\t\t\t\t\t\t\t<\/div>\n\t\t\t\t\t\t<\/div>\n\t\t\t\t<\/div>\n\t\t\t\t<div class=\"elementor-element elementor-element-ecdf91e elementor-hidden-desktop elementor-hidden-mobile elementor-widget elementor-widget-text-editor\" data-id=\"ecdf91e\" data-element_type=\"widget\" data-widget_type=\"text-editor.default\">\n\t\t\t\t<div class=\"elementor-widget-container\">\n\t\t\t\t\t\t\t\t\t<p>Our <a href=\"https:\/\/diariodarepublica.pt\/dr\/detalhe\/despacho\/1559-2021-156846307\" target=\"_blank\" rel=\"noopener\">expert <\/a>team is ready to face the challenges of modern industrialization. Whether in process optimization, installation of industrial machinery and equipment or in the research and development of solutions, NHW-Solutions is committed to presenting automation solutions for industry.<\/p>\n\t\t\t\t\t\t\t\t<\/div>\n\t\t\t\t<\/div>\n\t\t\t\t\t<\/div>\n\t\t<\/div>\n\t\t\t\t\t<\/div>\n\t\t<\/section>\n\t\t\t\t<section class=\"elementor-section elementor-top-section elementor-element elementor-element-65aef973 elementor-section-boxed elementor-section-height-default elementor-section-height-default\" data-id=\"65aef973\" data-element_type=\"section\" data-settings=\"{&quot;jet_parallax_layout_list&quot;:[{&quot;jet_parallax_layout_speed&quot;:{&quot;unit&quot;:&quot;%&quot;,&quot;size&quot;:50,&quot;sizes&quot;:[]},&quot;jet_parallax_layout_bg_size&quot;:&quot;cover&quot;,&quot;jet_parallax_layout_animation_prop&quot;:&quot;bgposition&quot;,&quot;_id&quot;:&quot;7992538&quot;,&quot;jet_parallax_layout_image&quot;:{&quot;url&quot;:&quot;&quot;,&quot;id&quot;:&quot;&quot;,&quot;size&quot;:&quot;&quot;},&quot;jet_parallax_layout_image_tablet&quot;:{&quot;url&quot;:&quot;&quot;,&quot;id&quot;:&quot;&quot;,&quot;size&quot;:&quot;&quot;},&quot;jet_parallax_layout_image_mobile&quot;:{&quot;url&quot;:&quot;&quot;,&quot;id&quot;:&quot;&quot;,&quot;size&quot;:&quot;&quot;},&quot;jet_parallax_layout_type&quot;:&quot;scroll&quot;,&quot;jet_parallax_layout_direction&quot;:&quot;1&quot;,&quot;jet_parallax_layout_fx_direction&quot;:null,&quot;jet_parallax_layout_z_index&quot;:&quot;&quot;,&quot;jet_parallax_layout_bg_x&quot;:50,&quot;jet_parallax_layout_bg_x_tablet&quot;:&quot;&quot;,&quot;jet_parallax_layout_bg_x_mobile&quot;:&quot;&quot;,&quot;jet_parallax_layout_bg_y&quot;:50,&quot;jet_parallax_layout_bg_y_tablet&quot;:&quot;&quot;,&quot;jet_parallax_layout_bg_y_mobile&quot;:&quot;&quot;,&quot;jet_parallax_layout_bg_size_tablet&quot;:&quot;&quot;,&quot;jet_parallax_layout_bg_size_mobile&quot;:&quot;&quot;,&quot;jet_parallax_layout_on&quot;:[&quot;desktop&quot;,&quot;tablet&quot;]}],&quot;background_background&quot;:&quot;classic&quot;}\">\n\t\t\t\t\t\t\t<div class=\"elementor-background-overlay\"><\/div>\n\t\t\t\t\t\t\t<div class=\"elementor-container elementor-column-gap-default\">\n\t\t\t\t\t<div class=\"elementor-column elementor-col-100 elementor-top-column elementor-element elementor-element-5640442d\" data-id=\"5640442d\" data-element_type=\"column\" data-settings=\"{&quot;background_background&quot;:&quot;classic&quot;}\">\n\t\t\t<div class=\"elementor-widget-wrap elementor-element-populated\">\n\t\t\t\t\t\t<div class=\"elementor-element elementor-element-213d8904 elementor-widget elementor-widget-heading\" data-id=\"213d8904\" data-element_type=\"widget\" data-widget_type=\"heading.default\">\n\t\t\t\t<div class=\"elementor-widget-container\">\n\t\t\t\t\t<h2 class=\"elementor-heading-title elementor-size-default\">DISCOVER WHAT WE CAN STILL DO FOR YOUR INDUSTRY! <\/h2>\t\t\t\t<\/div>\n\t\t\t\t<\/div>\n\t\t\t\t<div class=\"elementor-element elementor-element-5a6d03dd elementor-widget elementor-widget-text-editor\" data-id=\"5a6d03dd\" data-element_type=\"widget\" data-widget_type=\"text-editor.default\">\n\t\t\t\t<div class=\"elementor-widget-container\">\n\t\t\t\t\t\t\t\t\t<p>Get to know all the areas of NHW-Solutions.<\/p>\n\t\t\t\t\t\t\t\t<\/div>\n\t\t\t\t<\/div>\n\t\t\t\t<div class=\"elementor-element elementor-element-46cdd28b elementor-align-right elementor-tablet-align-center elementor-mobile-align-center elementor-widget elementor-widget-button\" data-id=\"46cdd28b\" data-element_type=\"widget\" data-widget_type=\"button.default\">\n\t\t\t\t<div class=\"elementor-widget-container\">\n\t\t\t\t\t\t\t\t\t<div class=\"elementor-button-wrapper\">\n\t\t\t\t\t<a class=\"elementor-button elementor-button-link elementor-size-sm elementor-animation-grow\" href=\"https:\/\/nhw-solutions.pt\/en\/automation-services\/\">\n\t\t\t\t\t\t<span class=\"elementor-button-content-wrapper\">\n\t\t\t\t\t\t\t\t\t<span class=\"elementor-button-text\">services<\/span>\n\t\t\t\t\t<\/span>\n\t\t\t\t\t<\/a>\n\t\t\t\t<\/div>\n\t\t\t\t\t\t\t\t<\/div>\n\t\t\t\t<\/div>\n\t\t\t\t\t<\/div>\n\t\t<\/div>\n\t\t\t\t\t<\/div>\n\t\t<\/section>\n\t\t\t\t<\/div>\n\t\t","protected":false},"excerpt":{"rendered":"<p>INDUSTRY sector of activity NHW-Solutions, Lda is a company that plays a key role in the industrial sector, that is, with strong presence in the second sector. Provides high quality services aimed at the automation and optimization of processes in the following industries: Alimentary Ceramic Pharmaceutical Automobile Transformation and Logistics among others&#8230; The commitment is [&hellip;]<\/p>\n","protected":false},"author":1,"featured_media":5817,"parent":0,"menu_order":0,"comment_status":"closed","ping_status":"closed","template":"","meta":{"footnotes":""},"class_list":["post-6190","page","type-page","status-publish","has-post-thumbnail","hentry"],"_links":{"self":[{"href":"https:\/\/nhw-solutions.pt\/en\/wp-json\/wp\/v2\/pages\/6190","targetHints":{"allow":["GET"]}}],"collection":[{"href":"https:\/\/nhw-solutions.pt\/en\/wp-json\/wp\/v2\/pages"}],"about":[{"href":"https:\/\/nhw-solutions.pt\/en\/wp-json\/wp\/v2\/types\/page"}],"author":[{"embeddable":true,"href":"https:\/\/nhw-solutions.pt\/en\/wp-json\/wp\/v2\/users\/1"}],"replies":[{"embeddable":true,"href":"https:\/\/nhw-solutions.pt\/en\/wp-json\/wp\/v2\/comments?post=6190"}],"version-history":[{"count":5,"href":"https:\/\/nhw-solutions.pt\/en\/wp-json\/wp\/v2\/pages\/6190\/revisions"}],"predecessor-version":[{"id":6530,"href":"https:\/\/nhw-solutions.pt\/en\/wp-json\/wp\/v2\/pages\/6190\/revisions\/6530"}],"wp:featuredmedia":[{"embeddable":true,"href":"https:\/\/nhw-solutions.pt\/en\/wp-json\/wp\/v2\/media\/5817"}],"wp:attachment":[{"href":"https:\/\/nhw-solutions.pt\/en\/wp-json\/wp\/v2\/media?parent=6190"}],"curies":[{"name":"wp","href":"https:\/\/api.w.org\/{rel}","templated":true}]}}