{"id":6242,"date":"2024-03-27T14:18:16","date_gmt":"2024-03-27T14:18:16","guid":{"rendered":"https:\/\/nhw-solutions.pt\/dispute-resolution\/"},"modified":"2025-03-18T09:48:51","modified_gmt":"2025-03-18T09:48:51","slug":"dispute-resolution","status":"publish","type":"page","link":"https:\/\/nhw-solutions.pt\/en\/dispute-resolution\/","title":{"rendered":"DISPUTE RESOLUTION"},"content":{"rendered":"\t\t<div data-elementor-type=\"wp-post\" data-elementor-id=\"6242\" class=\"elementor elementor-6242 elementor-2583\">\n\t\t\t\t<div class=\"elementor-element elementor-element-30a306f e-flex e-con-boxed e-con e-parent\" data-id=\"30a306f\" data-element_type=\"container\" data-settings=\"{&quot;background_background&quot;:&quot;classic&quot;,&quot;jet_parallax_layout_list&quot;:[]}\">\n\t\t\t\t\t<div class=\"e-con-inner\">\n\t\t\t\t\t<\/div>\n\t\t\t\t<\/div>\n\t\t<div class=\"elementor-element elementor-element-c002374 e-flex e-con-boxed e-con e-parent\" data-id=\"c002374\" data-element_type=\"container\" data-settings=\"{&quot;jet_parallax_layout_list&quot;:[]}\">\n\t\t\t\t\t<div class=\"e-con-inner\">\n\t\t\t\t<div class=\"elementor-element elementor-element-7b40a70 elementor-widget elementor-widget-jet-headline\" data-id=\"7b40a70\" data-element_type=\"widget\" data-widget_type=\"jet-headline.default\">\n\t\t\t\t<div class=\"elementor-widget-container\">\n\t\t\t\t\t<h1 class=\"jet-headline jet-headline--direction-horizontal\"><span class=\"jet-headline__part jet-headline__first\"><span class=\"jet-headline__label\"><span style=\"color:#8CC23D\">DISPUTE <\/span> RESOLUTION<\/span><\/span><span class=\"jet-headline__space\">&nbsp;<\/span><\/h1>\t\t\t\t<\/div>\n\t\t\t\t<\/div>\n\t\t\t\t<div class=\"elementor-element elementor-element-4f64f4b elementor-widget elementor-widget-text-editor\" data-id=\"4f64f4b\" data-element_type=\"widget\" data-widget_type=\"text-editor.default\">\n\t\t\t\t<div class=\"elementor-widget-container\">\n\t\t\t\t\t\t\t\t\t<p>In compliance with Law No. 144\/2015, of September 8, 2015, A NHW-Solutions, Lda, discloses the Alternative Dispute Resolution Entities that can be contacted, in the event of a conflict in the acquisition of products or services provided by this company.<\/p>\t\t\t\t\t\t\t\t<\/div>\n\t\t\t\t<\/div>\n\t\t<div class=\"elementor-element elementor-element-bf180d2 e-flex e-con-boxed e-con e-child\" data-id=\"bf180d2\" data-element_type=\"container\" data-settings=\"{&quot;jet_parallax_layout_list&quot;:[]}\">\n\t\t\t\t\t<div class=\"e-con-inner\">\n\t\t<div class=\"elementor-element elementor-element-bc8e8ad e-flex e-con-boxed e-con e-child\" data-id=\"bc8e8ad\" data-element_type=\"container\" data-settings=\"{&quot;background_background&quot;:&quot;classic&quot;,&quot;jet_parallax_layout_list&quot;:[]}\">\n\t\t\t\t\t<div class=\"e-con-inner\">\n\t\t\t\t<div class=\"elementor-element elementor-element-88a5e99 elementor-widget elementor-widget-text-editor\" data-id=\"88a5e99\" data-element_type=\"widget\" data-widget_type=\"text-editor.default\">\n\t\t\t\t<div class=\"elementor-widget-container\">\n\t\t\t\t\t\t\t\t\t<p><b><span data-contrast=\"none\">Consumer Conflict Arbitration Center \u2013 Viana do Castelo (CIAB \u2013 Arbitration Court)<\/span><\/b><span data-ccp-props=\"{\"201341983\":0,\"335559739\":160,\"335559740\":259}\"> <\/span><\/p><p><span data-contrast=\"none\">Avenida Rocha Paris, n\u00ba 103 \u2013 4900-394 Viana do Castelo<\/span><span data-ccp-props=\"{\"201341983\":0,\"335559739\":160,\"335559740\":259}\"> <\/span><\/p><p><a href=\"callto:+351258899335\"><span data-contrast=\"none\">258 809 335<\/span><span data-ccp-props=\"{\"201341983\":0,\"335559739\":160,\"335559740\":259}\"> <\/span><\/a><\/p><p><a href=\"mailto:ciab.viana@cm-viana-castelo.pt\"><span data-contrast=\"none\">ciab.viana@cm-viana-castelo.pt<\/span><span data-ccp-props=\"{\"201341983\":0,\"335559739\":160,\"335559740\":259}\"> <\/span><\/a><\/p>\t\t\t\t\t\t\t\t<\/div>\n\t\t\t\t<\/div>\n\t\t\t\t\t<\/div>\n\t\t\t\t<\/div>\n\t\t<div class=\"elementor-element elementor-element-2ab69d9 e-flex e-con-boxed e-con e-child\" data-id=\"2ab69d9\" data-element_type=\"container\" data-settings=\"{&quot;background_background&quot;:&quot;classic&quot;,&quot;jet_parallax_layout_list&quot;:[]}\">\n\t\t\t\t\t<div class=\"e-con-inner\">\n\t\t\t\t<div class=\"elementor-element elementor-element-aa4deee elementor-widget elementor-widget-text-editor\" data-id=\"aa4deee\" data-element_type=\"widget\" data-widget_type=\"text-editor.default\">\n\t\t\t\t<div class=\"elementor-widget-container\">\n\t\t\t\t\t\t\t\t\t<p><b><span data-contrast=\"none\">Consumer Arbitration Court<\/span><\/b><span data-ccp-props=\"{\"201341983\":0,\"335559739\":160,\"335559740\":259}\"> <\/span><\/p><p><span data-contrast=\"none\">Rua D. Afonso Henriques, n\u00ba1 \u2013 4700-030 Braga<\/span><span data-ccp-props=\"{\"201341983\":0,\"335559739\":160,\"335559740\":259}\"> <\/span><\/p><p><a href=\"callto:+351253617604\"><span data-contrast=\"none\">253 617 604<\/span><span data-ccp-props=\"{\"201341983\":0,\"335559739\":160,\"335559740\":259}\"> <\/span><\/a><\/p><p><a href=\"mailto:geral@ciab.pt\"><span data-contrast=\"none\">geral@ciab.pt <\/span><span data-ccp-props=\"{\"201341983\":0,\"335559739\":160,\"335559740\":259}\"> <\/span><\/a><\/p><p><a href=\"https:\/\/www.ciab.pt\" target=\"_blank\" rel=\"noopener\"><span data-contrast=\"none\">www.ciab.pt<\/span><span data-ccp-props=\"{\"201341983\":0,\"335559739\":160,\"335559740\":259}\"> <\/span><\/a><\/p>\t\t\t\t\t\t\t\t<\/div>\n\t\t\t\t<\/div>\n\t\t\t\t\t<\/div>\n\t\t\t\t<\/div>\n\t\t<div class=\"elementor-element elementor-element-1ca3ab1 e-flex e-con-boxed e-con e-child\" data-id=\"1ca3ab1\" data-element_type=\"container\" data-settings=\"{&quot;background_background&quot;:&quot;classic&quot;,&quot;jet_parallax_layout_list&quot;:[]}\">\n\t\t\t\t\t<div class=\"e-con-inner\">\n\t\t\t\t<div class=\"elementor-element elementor-element-3db58ed elementor-widget elementor-widget-text-editor\" data-id=\"3db58ed\" data-element_type=\"widget\" data-widget_type=\"text-editor.default\">\n\t\t\t\t<div class=\"elementor-widget-container\">\n\t\t\t\t\t\t\t\t\t<p><b><span data-contrast=\"auto\">European Consumer Centre Portugal<\/span><\/b><span data-ccp-props=\"{\"201341983\":0,\"335559739\":160,\"335559740\":259}\"> <\/span><\/p><p><b><span data-contrast=\"auto\">European Consumer Centre Portugal<\/span><\/b><span data-ccp-props=\"{\"201341983\":0,\"335559739\":160,\"335559740\":259}\"> <\/span><\/p><p><span data-contrast=\"auto\">Pra\u00e7a Duque de Saldanha, 31-1\u00b0<\/span><span data-ccp-props=\"{\"201341983\":0,\"335559739\":160,\"335559740\":259}\"> <\/span><\/p><p><span data-contrast=\"auto\">1069-013 Lisboa<\/span><span data-ccp-props=\"{\"201341983\":0,\"335559739\":160,\"335559740\":259}\"> <\/span><\/p><p><a href=\"callto:+351213564750\"><span data-contrast=\"auto\">(+351) 21 356 47 50<\/span><span data-ccp-props=\"{\"201341983\":0,\"335559739\":160,\"335559740\":259}\"> <\/span><\/a><\/p><p><a href=\"mailto:euroconsumo@dg.consumidor.pt\"><span data-contrast=\"auto\">euroconsumo@dg.consumidor.pt <\/span><span data-ccp-props=\"{\"201341983\":0,\"335559739\":160,\"335559740\":259}\"> <\/span><\/a><\/p><p><a href=\"https:\/\/cec.consumidor.pt\/en\" target=\"_blank\" rel=\"noopener\"><span data-contrast=\"auto\">cec.consumidor.pt\/en<\/span><span data-ccp-props=\"{\"201341983\":0,\"335559739\":160,\"335559740\":259}\"> <\/span><\/a><\/p>\t\t\t\t\t\t\t\t<\/div>\n\t\t\t\t<\/div>\n\t\t\t\t\t<\/div>\n\t\t\t\t<\/div>\n\t\t\t\t\t<\/div>\n\t\t\t\t<\/div>\n\t\t\t\t<div class=\"elementor-element elementor-element-6857908 elementor-widget elementor-widget-text-editor\" data-id=\"6857908\" data-element_type=\"widget\" data-widget_type=\"text-editor.default\">\n\t\t\t\t<div class=\"elementor-widget-container\">\n\t\t\t\t\t\t\t\t\t<p><span data-contrast=\"auto\">Para a resolu\u00e7\u00e3o de lit\u00edgios decorrentes da aquisi\u00e7\u00e3o de produtos ou servi\u00e7os atrav\u00e9s do site nhw-solutions.pt<\/span><span data-contrast=\"auto\">, ou por outros meios eletr\u00f3nicos, o consumidor, tanto a n\u00edvel nacional como em outros pa\u00edses da Uni\u00e3o Europeia, poder\u00e1 recorrer \u00e0 <\/span><b><span data-contrast=\"auto\">Plataforma Europeia de Resolu\u00e7\u00e3o de Lit\u00edgios em Linha<\/span><\/b><span data-contrast=\"auto\">, atrav\u00e9s do link: <\/span><a href=\"https:\/\/ec.europa.eu\/consumers\/odr\/main\/index.cfm?event=main.home2.show&amp;lng=PT\" target=\"_blank\" rel=\"noopener\"><span data-contrast=\"none\">https:\/\/ec.europa.eu\/consumers\/odr\/main\/index.cfm?event=main.home2.show&amp;lng=PT<\/span><\/a><span data-ccp-props=\"{\"201341983\":0,\"335559739\":160,\"335559740\":259}\"> <\/span><\/p><p> <br><strong>NHW-Solutions, Lda informs that it has not joined or is linked to any Alternative Dispute Resolution Entity. <\/strong><\/p>\t\t\t\t\t\t\t\t<\/div>\n\t\t\t\t<\/div>\n\t\t\t\t\t<\/div>\n\t\t\t\t<\/div>\n\t\t\t\t<\/div>\n\t\t","protected":false},"excerpt":{"rendered":"<p>DISPUTE RESOLUTION&nbsp; In compliance with Law No. 144\/2015, of September 8, 2015, A NHW-Solutions, Lda, discloses the Alternative Dispute Resolution Entities that can be contacted, in the event of a conflict in the acquisition of products or services provided by this company. Consumer Conflict Arbitration Center \u2013 Viana do Castelo (CIAB \u2013 Arbitration Court) Avenida [&hellip;]<\/p>\n","protected":false},"author":1,"featured_media":0,"parent":0,"menu_order":0,"comment_status":"closed","ping_status":"closed","template":"","meta":{"footnotes":""},"class_list":["post-6242","page","type-page","status-publish","hentry"],"_links":{"self":[{"href":"https:\/\/nhw-solutions.pt\/en\/wp-json\/wp\/v2\/pages\/6242","targetHints":{"allow":["GET"]}}],"collection":[{"href":"https:\/\/nhw-solutions.pt\/en\/wp-json\/wp\/v2\/pages"}],"about":[{"href":"https:\/\/nhw-solutions.pt\/en\/wp-json\/wp\/v2\/types\/page"}],"author":[{"embeddable":true,"href":"https:\/\/nhw-solutions.pt\/en\/wp-json\/wp\/v2\/users\/1"}],"replies":[{"embeddable":true,"href":"https:\/\/nhw-solutions.pt\/en\/wp-json\/wp\/v2\/comments?post=6242"}],"version-history":[{"count":7,"href":"https:\/\/nhw-solutions.pt\/en\/wp-json\/wp\/v2\/pages\/6242\/revisions"}],"predecessor-version":[{"id":6753,"href":"https:\/\/nhw-solutions.pt\/en\/wp-json\/wp\/v2\/pages\/6242\/revisions\/6753"}],"wp:attachment":[{"href":"https:\/\/nhw-solutions.pt\/en\/wp-json\/wp\/v2\/media?parent=6242"}],"curies":[{"name":"wp","href":"https:\/\/api.w.org\/{rel}","templated":true}]}}