{"id":7039,"date":"2024-03-27T14:18:16","date_gmt":"2024-03-27T14:18:16","guid":{"rendered":"https:\/\/nhw-solutions.pt\/resolucion-de-litigios\/"},"modified":"2025-03-20T15:41:22","modified_gmt":"2025-03-20T15:41:22","slug":"resolucion-de-litigios","status":"publish","type":"page","link":"https:\/\/nhw-solutions.pt\/es\/resolucion-de-litigios\/","title":{"rendered":"Resoluci\u00f3n de Litigios"},"content":{"rendered":"\t\t<div data-elementor-type=\"wp-post\" data-elementor-id=\"7039\" class=\"elementor elementor-7039 elementor-2583\">\n\t\t\t\t<div class=\"elementor-element elementor-element-30a306f e-flex e-con-boxed e-con e-parent\" data-id=\"30a306f\" data-element_type=\"container\" data-settings=\"{&quot;background_background&quot;:&quot;classic&quot;,&quot;jet_parallax_layout_list&quot;:[]}\">\n\t\t\t\t\t<div class=\"e-con-inner\">\n\t\t\t\t\t<\/div>\n\t\t\t\t<\/div>\n\t\t<div class=\"elementor-element elementor-element-c002374 e-flex e-con-boxed e-con e-parent\" data-id=\"c002374\" data-element_type=\"container\" data-settings=\"{&quot;jet_parallax_layout_list&quot;:[]}\">\n\t\t\t\t\t<div class=\"e-con-inner\">\n\t\t\t\t<div class=\"elementor-element elementor-element-7b40a70 elementor-widget elementor-widget-jet-headline\" data-id=\"7b40a70\" data-element_type=\"widget\" data-widget_type=\"jet-headline.default\">\n\t\t\t\t<div class=\"elementor-widget-container\">\n\t\t\t\t\t<h1 class=\"jet-headline jet-headline--direction-horizontal\"><span class=\"jet-headline__part jet-headline__first\"><span class=\"jet-headline__label\">Resoluci\u00f3n de <span style=\"color:#8CC23D\">Litigios<\/span><\/span><\/span><span class=\"jet-headline__space\">&nbsp;<\/span><\/h1>\t\t\t\t<\/div>\n\t\t\t\t<\/div>\n\t\t\t\t<div class=\"elementor-element elementor-element-4f64f4b elementor-widget elementor-widget-text-editor\" data-id=\"4f64f4b\" data-element_type=\"widget\" data-widget_type=\"text-editor.default\">\n\t\t\t\t<div class=\"elementor-widget-container\">\n\t\t\t\t\t\t\t\t\t<p>En cumplimiento de la Ley n.o 144\/2015, de 8 de septiembre de 2015, A NHW-Solutions, Lda, divulga las Entidades para Resoluci\u00f3n Alternativa de Disputas que pueden ser contactadas, en caso de conflicto en la adquisici\u00f3n de productos o servicios suministrados por esta empresa.<\/p>\t\t\t\t\t\t\t\t<\/div>\n\t\t\t\t<\/div>\n\t\t<div class=\"elementor-element elementor-element-bf180d2 e-flex e-con-boxed e-con e-child\" data-id=\"bf180d2\" data-element_type=\"container\" data-settings=\"{&quot;jet_parallax_layout_list&quot;:[]}\">\n\t\t\t\t\t<div class=\"e-con-inner\">\n\t\t<div class=\"elementor-element elementor-element-bc8e8ad e-flex e-con-boxed e-con e-child\" data-id=\"bc8e8ad\" data-element_type=\"container\" data-settings=\"{&quot;background_background&quot;:&quot;classic&quot;,&quot;jet_parallax_layout_list&quot;:[]}\">\n\t\t\t\t\t<div class=\"e-con-inner\">\n\t\t\t\t<div class=\"elementor-element elementor-element-88a5e99 elementor-widget elementor-widget-text-editor\" data-id=\"88a5e99\" data-element_type=\"widget\" data-widget_type=\"text-editor.default\">\n\t\t\t\t<div class=\"elementor-widget-container\">\n\t\t\t\t\t\t\t\t\t<p><b><span data-contrast=\"none\">Centro de Arbitragem de Conflitos de Consumo &#8211; Viana do Castelo (CIAB &#8211; Tribunal Arbitral)<\/span><\/b><span data-ccp-props=\"{\"201341983\":0,\"335559739\":160,\"335559740\":259}\"> <\/span><\/p><p><span data-contrast=\"none\">Avenida Rocha Paris, n\u00ba 103 \u2013 4900-394 Viana do Castelo<\/span><span data-ccp-props=\"{\"201341983\":0,\"335559739\":160,\"335559740\":259}\"> <\/span><\/p><p><a href=\"callto:+351258899335\"><span data-contrast=\"none\">258 809 335<\/span><span data-ccp-props=\"{\"201341983\":0,\"335559739\":160,\"335559740\":259}\"> <\/span><\/a><\/p><p><a href=\"mailto:ciab.viana@cm-viana-castelo.pt\"><span data-contrast=\"none\">ciab.viana@cm-viana-castelo.pt<\/span><span data-ccp-props=\"{\"201341983\":0,\"335559739\":160,\"335559740\":259}\"> <\/span><\/a><\/p>\t\t\t\t\t\t\t\t<\/div>\n\t\t\t\t<\/div>\n\t\t\t\t\t<\/div>\n\t\t\t\t<\/div>\n\t\t<div class=\"elementor-element elementor-element-2ab69d9 e-flex e-con-boxed e-con e-child\" data-id=\"2ab69d9\" data-element_type=\"container\" data-settings=\"{&quot;background_background&quot;:&quot;classic&quot;,&quot;jet_parallax_layout_list&quot;:[]}\">\n\t\t\t\t\t<div class=\"e-con-inner\">\n\t\t\t\t<div class=\"elementor-element elementor-element-aa4deee elementor-widget elementor-widget-text-editor\" data-id=\"aa4deee\" data-element_type=\"widget\" data-widget_type=\"text-editor.default\">\n\t\t\t\t<div class=\"elementor-widget-container\">\n\t\t\t\t\t\t\t\t\t<p><b><span data-contrast=\"none\">Tribunal Arbitral de Consumo<\/span><\/b><span data-ccp-props=\"{\"201341983\":0,\"335559739\":160,\"335559740\":259}\"> <\/span><\/p><p><span data-contrast=\"none\">Rua D. Afonso Henriques, n\u00ba1 \u2013 4700-030 Braga<\/span><span data-ccp-props=\"{\"201341983\":0,\"335559739\":160,\"335559740\":259}\"> <\/span><\/p><p><a href=\"callto:+351253617604\"><span data-contrast=\"none\">253 617 604<\/span><span data-ccp-props=\"{\"201341983\":0,\"335559739\":160,\"335559740\":259}\"> <\/span><\/a><\/p><p><a href=\"mailto:geral@ciab.pt\"><span data-contrast=\"none\">geral@ciab.pt <\/span><span data-ccp-props=\"{\"201341983\":0,\"335559739\":160,\"335559740\":259}\"> <\/span><\/a><\/p><p><a href=\"https:\/\/www.ciab.pt\" target=\"_blank\" rel=\"noopener\"><span data-contrast=\"none\">www.ciab.pt<\/span><span data-ccp-props=\"{\"201341983\":0,\"335559739\":160,\"335559740\":259}\"> <\/span><\/a><\/p>\t\t\t\t\t\t\t\t<\/div>\n\t\t\t\t<\/div>\n\t\t\t\t\t<\/div>\n\t\t\t\t<\/div>\n\t\t<div class=\"elementor-element elementor-element-1ca3ab1 e-flex e-con-boxed e-con e-child\" data-id=\"1ca3ab1\" data-element_type=\"container\" data-settings=\"{&quot;background_background&quot;:&quot;classic&quot;,&quot;jet_parallax_layout_list&quot;:[]}\">\n\t\t\t\t\t<div class=\"e-con-inner\">\n\t\t\t\t<div class=\"elementor-element elementor-element-3db58ed elementor-widget elementor-widget-text-editor\" data-id=\"3db58ed\" data-element_type=\"widget\" data-widget_type=\"text-editor.default\">\n\t\t\t\t<div class=\"elementor-widget-container\">\n\t\t\t\t\t\t\t\t\t<p><b><span data-contrast=\"auto\">European Consumer Centre Portugal<\/span><\/b><span data-ccp-props=\"{\"201341983\":0,\"335559739\":160,\"335559740\":259}\"> <\/span><\/p><p><b><span data-contrast=\"auto\">Centro Europeu Do Consumidor<\/span><\/b><span data-ccp-props=\"{\"201341983\":0,\"335559739\":160,\"335559740\":259}\"> <\/span><\/p><p><span data-contrast=\"auto\">Pra\u00e7a Duque de Saldanha, 31-1\u00b0<\/span><span data-ccp-props=\"{\"201341983\":0,\"335559739\":160,\"335559740\":259}\"> <\/span><\/p><p><span data-contrast=\"auto\">1069-013 Lisboa<\/span><span data-ccp-props=\"{\"201341983\":0,\"335559739\":160,\"335559740\":259}\"> <\/span><\/p><p><a href=\"callto:+351213564750\"><span data-contrast=\"auto\">(+351) 21 356 47 50<\/span><span data-ccp-props=\"{\"201341983\":0,\"335559739\":160,\"335559740\":259}\"> <\/span><\/a><\/p><p><a href=\"mailto:euroconsumo@dg.consumidor.pt\"><span data-contrast=\"auto\">euroconsumo@dg.consumidor.pt <\/span><span data-ccp-props=\"{\"201341983\":0,\"335559739\":160,\"335559740\":259}\"> <\/span><\/a><\/p><p><a href=\"https:\/\/cec.consumidor.pt\/en\" target=\"_blank\" rel=\"noopener\"><span data-contrast=\"auto\">cec.consumidor.pt\/en<\/span><span data-ccp-props=\"{\"201341983\":0,\"335559739\":160,\"335559740\":259}\"> <\/span><\/a><\/p>\t\t\t\t\t\t\t\t<\/div>\n\t\t\t\t<\/div>\n\t\t\t\t\t<\/div>\n\t\t\t\t<\/div>\n\t\t\t\t\t<\/div>\n\t\t\t\t<\/div>\n\t\t\t\t<div class=\"elementor-element elementor-element-6857908 elementor-widget elementor-widget-text-editor\" data-id=\"6857908\" data-element_type=\"widget\" data-widget_type=\"text-editor.default\">\n\t\t\t\t<div class=\"elementor-widget-container\">\n\t\t\t\t\t\t\t\t\t<p><span data-contrast=\"auto\">Para la resoluci\u00f3n de litigios derivados de la adquisici\u00f3n de productos o servicios a trav\u00e9s del sitio nhw-solutions.pt<\/span>, <span data-contrast=\"auto\">o por otros medios electr\u00f3nicos, el consumidor, tanto a nivel nacional como en otros pa\u00edses de la Uni\u00f3n Europea, podr\u00e1 recurrir a<\/span> <b><span data-contrast=\"auto\">la Plataforma Europea de Resoluci\u00f3n de Litigios en L\u00ednea<\/span><\/b><span data-contrast=\"auto\">, a trav\u00e9s del enlace:<\/span> <a href=\"https:\/\/ec.europa.eu\/consumers\/odr\/main\/index.cfm?event=main.home2.show&amp;lng=PT\" target=\"_blank\" rel=\"noopener\"><span data-contrast=\"none\">https:\/\/ec.europa.eu\/consumers\/odr\/main\/index.cfm?event=main.home2.show&amp;lng=ES<\/span><\/a><span data-ccp-props=\"{\"201341983\":0,\"335559739\":160,\"335559740\":259}\"> <\/span><\/p><p> <br><strong>NHW-Solutions, Lda informa que no ha adherido ni est\u00e1 vinculada a ninguna entidad de resoluci\u00f3n alternativa de disputas. <\/strong><\/p>\t\t\t\t\t\t\t\t<\/div>\n\t\t\t\t<\/div>\n\t\t\t\t\t<\/div>\n\t\t\t\t<\/div>\n\t\t\t\t<\/div>\n\t\t","protected":false},"excerpt":{"rendered":"<p>Resoluci\u00f3n de Litigios&nbsp; En cumplimiento de la Ley n.o 144\/2015, de 8 de septiembre de 2015, A NHW-Solutions, Lda, divulga las Entidades para Resoluci\u00f3n Alternativa de Disputas que pueden ser contactadas, en caso de conflicto en la adquisici\u00f3n de productos o servicios suministrados por esta empresa. Centro de Arbitragem de Conflitos de Consumo &#8211; Viana [&hellip;]<\/p>\n","protected":false},"author":1,"featured_media":0,"parent":0,"menu_order":0,"comment_status":"closed","ping_status":"closed","template":"","meta":{"footnotes":""},"class_list":["post-7039","page","type-page","status-publish","hentry"],"_links":{"self":[{"href":"https:\/\/nhw-solutions.pt\/es\/wp-json\/wp\/v2\/pages\/7039","targetHints":{"allow":["GET"]}}],"collection":[{"href":"https:\/\/nhw-solutions.pt\/es\/wp-json\/wp\/v2\/pages"}],"about":[{"href":"https:\/\/nhw-solutions.pt\/es\/wp-json\/wp\/v2\/types\/page"}],"author":[{"embeddable":true,"href":"https:\/\/nhw-solutions.pt\/es\/wp-json\/wp\/v2\/users\/1"}],"replies":[{"embeddable":true,"href":"https:\/\/nhw-solutions.pt\/es\/wp-json\/wp\/v2\/comments?post=7039"}],"version-history":[{"count":3,"href":"https:\/\/nhw-solutions.pt\/es\/wp-json\/wp\/v2\/pages\/7039\/revisions"}],"predecessor-version":[{"id":7082,"href":"https:\/\/nhw-solutions.pt\/es\/wp-json\/wp\/v2\/pages\/7039\/revisions\/7082"}],"wp:attachment":[{"href":"https:\/\/nhw-solutions.pt\/es\/wp-json\/wp\/v2\/media?parent=7039"}],"curies":[{"name":"wp","href":"https:\/\/api.w.org\/{rel}","templated":true}]}}