{"id":6754,"date":"2024-03-27T14:18:16","date_gmt":"2024-03-27T14:18:16","guid":{"rendered":"https:\/\/nhw-solutions.pt\/reglement-des-differends\/"},"modified":"2025-03-18T09:49:31","modified_gmt":"2025-03-18T09:49:31","slug":"reglement-des-differends","status":"publish","type":"page","link":"https:\/\/nhw-solutions.pt\/fr\/reglement-des-differends\/","title":{"rendered":"R\u00e8glement des Diff\u00e9rends"},"content":{"rendered":"\t\t<div data-elementor-type=\"wp-post\" data-elementor-id=\"6754\" class=\"elementor elementor-6754 elementor-2583\">\n\t\t\t\t<div class=\"elementor-element elementor-element-30a306f e-flex e-con-boxed e-con e-parent\" data-id=\"30a306f\" data-element_type=\"container\" data-settings=\"{&quot;background_background&quot;:&quot;classic&quot;,&quot;jet_parallax_layout_list&quot;:[]}\">\n\t\t\t\t\t<div class=\"e-con-inner\">\n\t\t\t\t\t<\/div>\n\t\t\t\t<\/div>\n\t\t<div class=\"elementor-element elementor-element-c002374 e-flex e-con-boxed e-con e-parent\" data-id=\"c002374\" data-element_type=\"container\" data-settings=\"{&quot;jet_parallax_layout_list&quot;:[]}\">\n\t\t\t\t\t<div class=\"e-con-inner\">\n\t\t\t\t<div class=\"elementor-element elementor-element-7b40a70 elementor-widget elementor-widget-jet-headline\" data-id=\"7b40a70\" data-element_type=\"widget\" data-widget_type=\"jet-headline.default\">\n\t\t\t\t<div class=\"elementor-widget-container\">\n\t\t\t\t\t<h1 class=\"jet-headline jet-headline--direction-horizontal\"><span class=\"jet-headline__part jet-headline__first\"><span class=\"jet-headline__label\">R\u00e8glement des <span style=\"color:#8CC23D\">Diff\u00e9rends<\/span><\/span><\/span><span class=\"jet-headline__space\">&nbsp;<\/span><\/h1>\t\t\t\t<\/div>\n\t\t\t\t<\/div>\n\t\t\t\t<div class=\"elementor-element elementor-element-4f64f4b elementor-widget elementor-widget-text-editor\" data-id=\"4f64f4b\" data-element_type=\"widget\" data-widget_type=\"text-editor.default\">\n\t\t\t\t<div class=\"elementor-widget-container\">\n\t\t\t\t\t\t\t\t\t<p>Conform\u00e9ment \u00e0 la loi n o 144\/2015 du 8 septembre 2015, A NHW-Solutions, Lda, divulgue les entit\u00e9s pour le r\u00e8glement alternatif des litiges qui peuvent \u00eatre contact\u00e9s en cas de conflit dans l\u2019acquisition de produits ou services fournis par cette entreprise.<\/p>\t\t\t\t\t\t\t\t<\/div>\n\t\t\t\t<\/div>\n\t\t<div class=\"elementor-element elementor-element-bf180d2 e-flex e-con-boxed e-con e-child\" data-id=\"bf180d2\" data-element_type=\"container\" data-settings=\"{&quot;jet_parallax_layout_list&quot;:[]}\">\n\t\t\t\t\t<div class=\"e-con-inner\">\n\t\t<div class=\"elementor-element elementor-element-bc8e8ad e-flex e-con-boxed e-con e-child\" data-id=\"bc8e8ad\" data-element_type=\"container\" data-settings=\"{&quot;background_background&quot;:&quot;classic&quot;,&quot;jet_parallax_layout_list&quot;:[]}\">\n\t\t\t\t\t<div class=\"e-con-inner\">\n\t\t\t\t<div class=\"elementor-element elementor-element-88a5e99 elementor-widget elementor-widget-text-editor\" data-id=\"88a5e99\" data-element_type=\"widget\" data-widget_type=\"text-editor.default\">\n\t\t\t\t<div class=\"elementor-widget-container\">\n\t\t\t\t\t\t\t\t\t<p><b><span data-contrast=\"none\">Centre d\u2019arbitrage des conflits de consommation &#8211; Viana do Castelo (CIAB &#8211; Tribunal arbitral)<\/span><\/b><span data-ccp-props=\"{\"201341983\":0,\"335559739\":160,\"335559740\":259}\"> <\/span><\/p><p><span data-contrast=\"none\">Avenida Rocha Paris, n\u00ba 103 \u2013 4900-394 Viana do Castelo<\/span><span data-ccp-props=\"{\"201341983\":0,\"335559739\":160,\"335559740\":259}\"> <\/span><\/p><p><a href=\"callto:+351258899335\"><span data-contrast=\"none\">258 809 335<\/span><span data-ccp-props=\"{\"201341983\":0,\"335559739\":160,\"335559740\":259}\"> <\/span><\/a><\/p><p><a href=\"mailto:ciab.viana@cm-viana-castelo.pt\"><span data-contrast=\"none\">ciab.viana@cm-viana-castelo.pt<\/span><span data-ccp-props=\"{\"201341983\":0,\"335559739\":160,\"335559740\":259}\"> <\/span><\/a><\/p>\t\t\t\t\t\t\t\t<\/div>\n\t\t\t\t<\/div>\n\t\t\t\t\t<\/div>\n\t\t\t\t<\/div>\n\t\t<div class=\"elementor-element elementor-element-2ab69d9 e-flex e-con-boxed e-con e-child\" data-id=\"2ab69d9\" data-element_type=\"container\" data-settings=\"{&quot;background_background&quot;:&quot;classic&quot;,&quot;jet_parallax_layout_list&quot;:[]}\">\n\t\t\t\t\t<div class=\"e-con-inner\">\n\t\t\t\t<div class=\"elementor-element elementor-element-aa4deee elementor-widget elementor-widget-text-editor\" data-id=\"aa4deee\" data-element_type=\"widget\" data-widget_type=\"text-editor.default\">\n\t\t\t\t<div class=\"elementor-widget-container\">\n\t\t\t\t\t\t\t\t\t<p><b><span data-contrast=\"none\">Tribunal Arbitral de Consumo<\/span><\/b><span data-ccp-props=\"{\"201341983\":0,\"335559739\":160,\"335559740\":259}\"> <\/span><\/p><p><span data-contrast=\"none\">Rua D. Afonso Henriques, n\u00ba1 \u2013 4700-030 Braga<\/span><span data-ccp-props=\"{\"201341983\":0,\"335559739\":160,\"335559740\":259}\"> <\/span><\/p><p><a href=\"callto:+351253617604\"><span data-contrast=\"none\">253 617 604<\/span><span data-ccp-props=\"{\"201341983\":0,\"335559739\":160,\"335559740\":259}\"> <\/span><\/a><\/p><p><a href=\"mailto:geral@ciab.pt\"><span data-contrast=\"none\">geral@ciab.pt <\/span><span data-ccp-props=\"{\"201341983\":0,\"335559739\":160,\"335559740\":259}\"> <\/span><\/a><\/p><p><a href=\"https:\/\/www.ciab.pt\" target=\"_blank\" rel=\"noopener\"><span data-contrast=\"none\">www.ciab.pt<\/span><span data-ccp-props=\"{\"201341983\":0,\"335559739\":160,\"335559740\":259}\"> <\/span><\/a><\/p>\t\t\t\t\t\t\t\t<\/div>\n\t\t\t\t<\/div>\n\t\t\t\t\t<\/div>\n\t\t\t\t<\/div>\n\t\t<div class=\"elementor-element elementor-element-1ca3ab1 e-flex e-con-boxed e-con e-child\" data-id=\"1ca3ab1\" data-element_type=\"container\" data-settings=\"{&quot;background_background&quot;:&quot;classic&quot;,&quot;jet_parallax_layout_list&quot;:[]}\">\n\t\t\t\t\t<div class=\"e-con-inner\">\n\t\t\t\t<div class=\"elementor-element elementor-element-3db58ed elementor-widget elementor-widget-text-editor\" data-id=\"3db58ed\" data-element_type=\"widget\" data-widget_type=\"text-editor.default\">\n\t\t\t\t<div class=\"elementor-widget-container\">\n\t\t\t\t\t\t\t\t\t<p><b><span data-contrast=\"auto\">European Consumer Centre Portugal<\/span><\/b><span data-ccp-props=\"{\"201341983\":0,\"335559739\":160,\"335559740\":259}\"> <\/span><\/p><p><b><span data-contrast=\"auto\">Centro Europeu Do Consumidor<\/span><\/b><span data-ccp-props=\"{\"201341983\":0,\"335559739\":160,\"335559740\":259}\"> <\/span><\/p><p><span data-contrast=\"auto\">Pra\u00e7a Duque de Saldanha, 31-1\u00b0<\/span><span data-ccp-props=\"{\"201341983\":0,\"335559739\":160,\"335559740\":259}\"> <\/span><\/p><p><span data-contrast=\"auto\">1069-013 Lisboa<\/span><span data-ccp-props=\"{\"201341983\":0,\"335559739\":160,\"335559740\":259}\"> <\/span><\/p><p><a href=\"callto:+351213564750\"><span data-contrast=\"auto\">(+351) 21 356 47 50<\/span><span data-ccp-props=\"{\"201341983\":0,\"335559739\":160,\"335559740\":259}\"> <\/span><\/a><\/p><p><a href=\"mailto:euroconsumo@dg.consumidor.pt\"><span data-contrast=\"auto\">euroconsumo@dg.consumidor.pt <\/span><span data-ccp-props=\"{\"201341983\":0,\"335559739\":160,\"335559740\":259}\"> <\/span><\/a><\/p><p><a href=\"https:\/\/cec.consumidor.pt\/en\" target=\"_blank\" rel=\"noopener\"><span data-contrast=\"auto\">cec.consumidor.pt\/en<\/span><span data-ccp-props=\"{\"201341983\":0,\"335559739\":160,\"335559740\":259}\"> <\/span><\/a><\/p>\t\t\t\t\t\t\t\t<\/div>\n\t\t\t\t<\/div>\n\t\t\t\t\t<\/div>\n\t\t\t\t<\/div>\n\t\t\t\t\t<\/div>\n\t\t\t\t<\/div>\n\t\t\t\t<div class=\"elementor-element elementor-element-6857908 elementor-widget elementor-widget-text-editor\" data-id=\"6857908\" data-element_type=\"widget\" data-widget_type=\"text-editor.default\">\n\t\t\t\t<div class=\"elementor-widget-container\">\n\t\t\t\t\t\t\t\t\t<p><span data-contrast=\"auto\">Pour la r\u00e9solution des litiges d\u00e9coulant de l\u2019achat de produits ou services via le site nhw-solutions.pt<\/span>, <span data-contrast=\"auto\">ou par d\u2019autres moyens \u00e9lectroniques, le consommateur, tant au niveau national que dans les autres pays de l\u2019Union europ\u00e9enne, vous pouvez utiliser la<\/span> <b><span data-contrast=\"auto\">plateforme europ\u00e9enne de r\u00e8glement des litiges en ligne <\/span><\/b><span data-contrast=\"auto\">en cliquant sur le lien suivant :<\/span> <a href=\"https:\/\/ec.europa.eu\/consumers\/odr\/main\/index.cfm?event=main.home2.show&amp;lng=PT\" target=\"_blank\" rel=\"noopener\"><span data-contrast=\"none\">https:\/\/ec.europa.eu\/consumers\/odr\/main\/index.cfm?event=main.home2.show&amp;lng=FR<\/span><\/a><span data-ccp-props=\"{\"201341983\":0,\"335559739\":160,\"335559740\":259}\"> <\/span><\/p><p> <br><strong>NHW-Solutions, Lda informe qu\u2019elle n\u2019a pas adh\u00e9r\u00e9 ni n\u2019est li\u00e9e \u00e0 aucune entit\u00e9 de r\u00e8glement alternatif des litiges. <\/strong><\/p>\t\t\t\t\t\t\t\t<\/div>\n\t\t\t\t<\/div>\n\t\t\t\t\t<\/div>\n\t\t\t\t<\/div>\n\t\t\t\t<\/div>\n\t\t","protected":false},"excerpt":{"rendered":"<p>R\u00e8glement des Diff\u00e9rends&nbsp; Conform\u00e9ment \u00e0 la loi n o 144\/2015 du 8 septembre 2015, A NHW-Solutions, Lda, divulgue les entit\u00e9s pour le r\u00e8glement alternatif des litiges qui peuvent \u00eatre contact\u00e9s en cas de conflit dans l\u2019acquisition de produits ou services fournis par cette entreprise. Centre d\u2019arbitrage des conflits de consommation &#8211; Viana do Castelo (CIAB [&hellip;]<\/p>\n","protected":false},"author":1,"featured_media":0,"parent":0,"menu_order":0,"comment_status":"closed","ping_status":"closed","template":"","meta":{"footnotes":""},"class_list":["post-6754","page","type-page","status-publish","hentry"],"_links":{"self":[{"href":"https:\/\/nhw-solutions.pt\/fr\/wp-json\/wp\/v2\/pages\/6754","targetHints":{"allow":["GET"]}}],"collection":[{"href":"https:\/\/nhw-solutions.pt\/fr\/wp-json\/wp\/v2\/pages"}],"about":[{"href":"https:\/\/nhw-solutions.pt\/fr\/wp-json\/wp\/v2\/types\/page"}],"author":[{"embeddable":true,"href":"https:\/\/nhw-solutions.pt\/fr\/wp-json\/wp\/v2\/users\/1"}],"replies":[{"embeddable":true,"href":"https:\/\/nhw-solutions.pt\/fr\/wp-json\/wp\/v2\/comments?post=6754"}],"version-history":[{"count":1,"href":"https:\/\/nhw-solutions.pt\/fr\/wp-json\/wp\/v2\/pages\/6754\/revisions"}],"predecessor-version":[{"id":6755,"href":"https:\/\/nhw-solutions.pt\/fr\/wp-json\/wp\/v2\/pages\/6754\/revisions\/6755"}],"wp:attachment":[{"href":"https:\/\/nhw-solutions.pt\/fr\/wp-json\/wp\/v2\/media?parent=6754"}],"curies":[{"name":"wp","href":"https:\/\/api.w.org\/{rel}","templated":true}]}}